{"id":1732,"date":"2020-07-08T11:05:06","date_gmt":"2020-07-08T11:05:06","guid":{"rendered":"http:\/\/mavrec.hu\/zahony\/bemutatkozas\/"},"modified":"2020-11-06T12:22:13","modified_gmt":"2020-11-06T12:22:13","slug":"introduction","status":"publish","type":"page","link":"https:\/\/mavrec.hu\/en\/zahony\/introduction\/","title":{"rendered":"Introduction"},"content":{"rendered":"<p>Z\u00e1hony Logistics and Industrial Zone consortium was formed on the 23rd of June 2020 led by M\u00c1V-REC ltd. and by its other member Z\u00e1hony Port ltd.<\/p>\n<p>Within the frame of the Belt and Road Initiative (BRI) promoted by the government of the People\u2019s Republic of China, the aim of the consortium is to engage in the development of economic trade routes between East and West, as well as to implement innovative logistics and commercial services, which would make the area a strategically important freight hub in the CEE region. As part of the project, investment proposals about technological and industrial developments are being prepared, which will have a significant impact on the EU-China rail freight traffic, and also on the bilateral economic cooperation between Hungary and China.<\/p>\n<p>Due to its favourable geographical position, Z\u00e1hony is a strategically important location in terms of the rail freight traffic coming from China via Kazakhstan, Russia and Ukraine to Europe. The Chinese government supports the diversification of their land routes to Europe besides the often overloaded existing railways, therefore the BRI places a great emphasis on strengthening and developing new, alternative transport routes.<\/p>\n<p>As a result, Hungary has a chance to join and take part in the logistics of Chinese container traffic, as well as to provide an opportunity for Chinese companies to establish their subsidiaries and factories here in the European Union.<\/p>\n<p><a href=\"http:\/\/celiz.org\" target=\"_blank\" rel=\"noopener\"><img loading=\"lazy\" decoding=\"async\" class=\"alignnone size-full wp-image-2012 img-responsive\" src=\"https:\/\/mavrec.hu\/wp-content\/uploads\/celiz-logo-2.png\" alt=\"\" width=\"180\" height=\"58\" \/><\/a><\/p>\n","protected":false},"excerpt":{"rendered":"Z\u00e1hony Logistics and Industrial Zone consortium was formed on the 23rd of June 2020 led by M\u00c1V-REC ltd. and by its other member Z\u00e1hony Port ltd. Within the frame of the Belt and Road Initiative (BRI) promoted by the government of the People\u2019s Republic of China, the aim of the consortium is to engage in [&hellip;]","protected":false},"author":2,"featured_media":0,"parent":1729,"menu_order":0,"comment_status":"closed","ping_status":"closed","template":"template-parts\/page-divizio-nyito.php","meta":{"_acf_changed":false,"footnotes":""},"class_list":["post-1732","page","type-page","status-publish","hentry"],"acf":[],"yoast_head":"<!-- This site is optimized with the Yoast SEO plugin v24.0 - https:\/\/yoast.com\/wordpress\/plugins\/seo\/ -->\n<title>Introduction - M\u00c1V-REC Kft.<\/title>\n<meta name=\"robots\" content=\"index, follow, max-snippet:-1, max-image-preview:large, max-video-preview:-1\" \/>\n<link rel=\"canonical\" href=\"https:\/\/mavrec.hu\/en\/zahony\/introduction\/\" \/>\n<meta property=\"og:locale\" content=\"en_US\" \/>\n<meta property=\"og:type\" content=\"article\" \/>\n<meta property=\"og:title\" content=\"Introduction - M\u00c1V-REC Kft.\" \/>\n<meta property=\"og:description\" content=\"Z\u00e1hony Logistics and Industrial Zone consortium was formed on the 23rd of June 2020 led by M\u00c1V-REC ltd. and by its other member Z\u00e1hony Port ltd. Within the frame of the Belt and Road Initiative (BRI) promoted by the government of the People\u2019s Republic of China, the aim of the consortium is to engage in [&hellip;]\" \/>\n<meta property=\"og:url\" content=\"https:\/\/mavrec.hu\/en\/zahony\/introduction\/\" \/>\n<meta property=\"og:site_name\" content=\"M\u00c1V-REC Kft.\" \/>\n<meta property=\"article:publisher\" content=\"https:\/\/www.facebook.com\/mavrecraklap\/\" \/>\n<meta property=\"article:modified_time\" content=\"2020-11-06T12:22:13+00:00\" \/>\n<meta property=\"og:image\" content=\"https:\/\/mavrec.hu\/wp-content\/uploads\/celiz-logo-2.png\" \/>\n\t<meta property=\"og:image:width\" content=\"180\" \/>\n\t<meta property=\"og:image:height\" content=\"58\" \/>\n\t<meta property=\"og:image:type\" content=\"image\/png\" \/>\n<meta name=\"twitter:card\" content=\"summary_large_image\" \/>\n<meta name=\"twitter:label1\" content=\"Est. reading time\" \/>\n\t<meta name=\"twitter:data1\" content=\"1 minute\" \/>\n<script type=\"application\/ld+json\" class=\"yoast-schema-graph\">{\"@context\":\"https:\/\/schema.org\",\"@graph\":[{\"@type\":\"WebPage\",\"@id\":\"https:\/\/mavrec.hu\/en\/zahony\/introduction\/\",\"url\":\"https:\/\/mavrec.hu\/en\/zahony\/introduction\/\",\"name\":\"Introduction - M\u00c1V-REC Kft.\",\"isPartOf\":{\"@id\":\"https:\/\/mavrec.hu\/#website\"},\"primaryImageOfPage\":{\"@id\":\"https:\/\/mavrec.hu\/en\/zahony\/introduction\/#primaryimage\"},\"image\":{\"@id\":\"https:\/\/mavrec.hu\/en\/zahony\/introduction\/#primaryimage\"},\"thumbnailUrl\":\"https:\/\/mavrec.hu\/wp-content\/uploads\/celiz-logo-2.png\",\"datePublished\":\"2020-07-08T11:05:06+00:00\",\"dateModified\":\"2020-11-06T12:22:13+00:00\",\"breadcrumb\":{\"@id\":\"https:\/\/mavrec.hu\/en\/zahony\/introduction\/#breadcrumb\"},\"inLanguage\":\"en-US\",\"potentialAction\":[{\"@type\":\"ReadAction\",\"target\":[\"https:\/\/mavrec.hu\/en\/zahony\/introduction\/\"]}]},{\"@type\":\"ImageObject\",\"inLanguage\":\"en-US\",\"@id\":\"https:\/\/mavrec.hu\/en\/zahony\/introduction\/#primaryimage\",\"url\":\"https:\/\/mavrec.hu\/wp-content\/uploads\/celiz-logo-2.png\",\"contentUrl\":\"https:\/\/mavrec.hu\/wp-content\/uploads\/celiz-logo-2.png\"},{\"@type\":\"BreadcrumbList\",\"@id\":\"https:\/\/mavrec.hu\/en\/zahony\/introduction\/#breadcrumb\",\"itemListElement\":[{\"@type\":\"ListItem\",\"position\":1,\"name\":\"Home\",\"item\":\"https:\/\/mavrec.hu\/en\/homepage\/\"},{\"@type\":\"ListItem\",\"position\":2,\"name\":\"Zahony\",\"item\":\"https:\/\/mavrec.hu\/en\/zahony\/\"},{\"@type\":\"ListItem\",\"position\":3,\"name\":\"Introduction\"}]},{\"@type\":\"WebSite\",\"@id\":\"https:\/\/mavrec.hu\/#website\",\"url\":\"https:\/\/mavrec.hu\/\",\"name\":\"M\u00c1V-REC Kft.\",\"description\":\"\",\"publisher\":{\"@id\":\"https:\/\/mavrec.hu\/#organization\"},\"potentialAction\":[{\"@type\":\"SearchAction\",\"target\":{\"@type\":\"EntryPoint\",\"urlTemplate\":\"https:\/\/mavrec.hu\/?s={search_term_string}\"},\"query-input\":{\"@type\":\"PropertyValueSpecification\",\"valueRequired\":true,\"valueName\":\"search_term_string\"}}],\"inLanguage\":\"en-US\"},{\"@type\":\"Organization\",\"@id\":\"https:\/\/mavrec.hu\/#organization\",\"name\":\"M\u00c1V-REC Kft.\",\"url\":\"https:\/\/mavrec.hu\/\",\"logo\":{\"@type\":\"ImageObject\",\"inLanguage\":\"en-US\",\"@id\":\"https:\/\/mavrec.hu\/#\/schema\/logo\/image\/\",\"url\":\"https:\/\/mavrec.hu\/wp-content\/uploads\/MR_logo.png\",\"contentUrl\":\"https:\/\/mavrec.hu\/wp-content\/uploads\/MR_logo.png\",\"width\":838,\"height\":589,\"caption\":\"M\u00c1V-REC Kft.\"},\"image\":{\"@id\":\"https:\/\/mavrec.hu\/#\/schema\/logo\/image\/\"},\"sameAs\":[\"https:\/\/www.facebook.com\/mavrecraklap\/\"]}]}<\/script>\n<!-- \/ Yoast SEO plugin. -->","yoast_head_json":{"title":"Introduction - M\u00c1V-REC Kft.","robots":{"index":"index","follow":"follow","max-snippet":"max-snippet:-1","max-image-preview":"max-image-preview:large","max-video-preview":"max-video-preview:-1"},"canonical":"https:\/\/mavrec.hu\/en\/zahony\/introduction\/","og_locale":"en_US","og_type":"article","og_title":"Introduction - M\u00c1V-REC Kft.","og_description":"Z\u00e1hony Logistics and Industrial Zone consortium was formed on the 23rd of June 2020 led by M\u00c1V-REC ltd. and by its other member Z\u00e1hony Port ltd. Within the frame of the Belt and Road Initiative (BRI) promoted by the government of the People\u2019s Republic of China, the aim of the consortium is to engage in [&hellip;]","og_url":"https:\/\/mavrec.hu\/en\/zahony\/introduction\/","og_site_name":"M\u00c1V-REC Kft.","article_publisher":"https:\/\/www.facebook.com\/mavrecraklap\/","article_modified_time":"2020-11-06T12:22:13+00:00","og_image":[{"width":180,"height":58,"url":"https:\/\/mavrec.hu\/wp-content\/uploads\/celiz-logo-2.png","type":"image\/png"}],"twitter_card":"summary_large_image","twitter_misc":{"Est. reading time":"1 minute"},"schema":{"@context":"https:\/\/schema.org","@graph":[{"@type":"WebPage","@id":"https:\/\/mavrec.hu\/en\/zahony\/introduction\/","url":"https:\/\/mavrec.hu\/en\/zahony\/introduction\/","name":"Introduction - M\u00c1V-REC Kft.","isPartOf":{"@id":"https:\/\/mavrec.hu\/#website"},"primaryImageOfPage":{"@id":"https:\/\/mavrec.hu\/en\/zahony\/introduction\/#primaryimage"},"image":{"@id":"https:\/\/mavrec.hu\/en\/zahony\/introduction\/#primaryimage"},"thumbnailUrl":"https:\/\/mavrec.hu\/wp-content\/uploads\/celiz-logo-2.png","datePublished":"2020-07-08T11:05:06+00:00","dateModified":"2020-11-06T12:22:13+00:00","breadcrumb":{"@id":"https:\/\/mavrec.hu\/en\/zahony\/introduction\/#breadcrumb"},"inLanguage":"en-US","potentialAction":[{"@type":"ReadAction","target":["https:\/\/mavrec.hu\/en\/zahony\/introduction\/"]}]},{"@type":"ImageObject","inLanguage":"en-US","@id":"https:\/\/mavrec.hu\/en\/zahony\/introduction\/#primaryimage","url":"https:\/\/mavrec.hu\/wp-content\/uploads\/celiz-logo-2.png","contentUrl":"https:\/\/mavrec.hu\/wp-content\/uploads\/celiz-logo-2.png"},{"@type":"BreadcrumbList","@id":"https:\/\/mavrec.hu\/en\/zahony\/introduction\/#breadcrumb","itemListElement":[{"@type":"ListItem","position":1,"name":"Home","item":"https:\/\/mavrec.hu\/en\/homepage\/"},{"@type":"ListItem","position":2,"name":"Zahony","item":"https:\/\/mavrec.hu\/en\/zahony\/"},{"@type":"ListItem","position":3,"name":"Introduction"}]},{"@type":"WebSite","@id":"https:\/\/mavrec.hu\/#website","url":"https:\/\/mavrec.hu\/","name":"M\u00c1V-REC Kft.","description":"","publisher":{"@id":"https:\/\/mavrec.hu\/#organization"},"potentialAction":[{"@type":"SearchAction","target":{"@type":"EntryPoint","urlTemplate":"https:\/\/mavrec.hu\/?s={search_term_string}"},"query-input":{"@type":"PropertyValueSpecification","valueRequired":true,"valueName":"search_term_string"}}],"inLanguage":"en-US"},{"@type":"Organization","@id":"https:\/\/mavrec.hu\/#organization","name":"M\u00c1V-REC Kft.","url":"https:\/\/mavrec.hu\/","logo":{"@type":"ImageObject","inLanguage":"en-US","@id":"https:\/\/mavrec.hu\/#\/schema\/logo\/image\/","url":"https:\/\/mavrec.hu\/wp-content\/uploads\/MR_logo.png","contentUrl":"https:\/\/mavrec.hu\/wp-content\/uploads\/MR_logo.png","width":838,"height":589,"caption":"M\u00c1V-REC Kft."},"image":{"@id":"https:\/\/mavrec.hu\/#\/schema\/logo\/image\/"},"sameAs":["https:\/\/www.facebook.com\/mavrecraklap\/"]}]}},"_links":{"self":[{"href":"https:\/\/mavrec.hu\/en\/wp-json\/wp\/v2\/pages\/1732","targetHints":{"allow":["GET"]}}],"collection":[{"href":"https:\/\/mavrec.hu\/en\/wp-json\/wp\/v2\/pages"}],"about":[{"href":"https:\/\/mavrec.hu\/en\/wp-json\/wp\/v2\/types\/page"}],"author":[{"embeddable":true,"href":"https:\/\/mavrec.hu\/en\/wp-json\/wp\/v2\/users\/2"}],"replies":[{"embeddable":true,"href":"https:\/\/mavrec.hu\/en\/wp-json\/wp\/v2\/comments?post=1732"}],"version-history":[{"count":3,"href":"https:\/\/mavrec.hu\/en\/wp-json\/wp\/v2\/pages\/1732\/revisions"}],"predecessor-version":[{"id":2018,"href":"https:\/\/mavrec.hu\/en\/wp-json\/wp\/v2\/pages\/1732\/revisions\/2018"}],"up":[{"embeddable":true,"href":"https:\/\/mavrec.hu\/en\/wp-json\/wp\/v2\/pages\/1729"}],"wp:attachment":[{"href":"https:\/\/mavrec.hu\/en\/wp-json\/wp\/v2\/media?parent=1732"}],"curies":[{"name":"wp","href":"https:\/\/api.w.org\/{rel}","templated":true}]}}