{"id":537,"date":"2019-06-28T08:09:09","date_gmt":"2019-06-28T08:09:09","guid":{"rendered":"http:\/\/mavrec.local\/?page_id=537"},"modified":"2020-11-02T14:45:51","modified_gmt":"2020-11-02T14:45:51","slug":"about-our-company","status":"publish","type":"page","link":"https:\/\/mavrec.hu\/en\/about-our-company\/","title":{"rendered":"About our company"},"content":{"rendered":"<h1>Briefly about our wide range of activities<\/h1>\n<p>Since its establishment in 2001, M\u00c1V-REC Kft. has become successful in a number of service areas. These service areas have multiple connections to the performance of railway, general logistics, waste management and environmental protection tasks.<\/p>\n<p>With its services, the 100% Hungarian-owned company focuses on building and operating comprehensive service systems tailored to the needs of its partners. This is true for both project-type and long-term strategic cooperation.<\/p>\n<p>All services provided by M\u00c1V-REC Kft. are characterized by the efficient performance of tasks to a high standard, based on professional grounds, competitive prices and an outstanding price-to-value ratio as well as security and stability, which are essential for performing the strategically important tasks of our partners.<\/p>\n<p>M\u00c1V-REC Kft. lays great emphasis on the development of the services it provides, the continuous training of its employees, the operation of its quality and environmental management system, and the continuous development of its IT background.<\/p>\n<p>In the field of the trademark protection of \u2018UIC\u2019 \u2018EUR\u2019 pallets, M\u00c1V-REC Kft. has been making great efforts since starting its activities to maintain the constant quality of the products placed on the pallet market. It takes action against unauthorized manufacturers and repairers that produce inadequate quality and continuously monitors the manufacturing processes and products of licensed pallet manufacturers and repairers that work to meet high quality requirements. All EUR pallets checked and certified by the company meet the specifications of the applicable standards and fulfil the requirements set for them anywhere in the world, so these pallets are full members of the \u2018EUR\u2019 exchange pallet system, the most widely used exchange pallet system.<\/p>\n<p>M\u00c1V-REC Kft. also extended its pallet trademark protection activities to the territory of Romania in 2009 and established a representative office in Sz\u00e9kelyudvarhely (Odorheiu Secuiesc) in order to make available the constant \u2018EUR\u2019 pallet quality guaranteed by M\u00c1V-REC Kft. to users in the Romanian market.<\/p>\n<p>The railway operations services provided by the company offer a reliable solution in a number of areas for performing railway logistics tasks related to individual industrial areas. In this sector, M\u00c1V-REC Kft. has achieved outstanding results in providing its partners with customized services. It is able to continuously develop these services by responding sensitively to changes in tasks caused by external and internal factors. The experienced and skilled employees in the background play an important role in the performance of specific and, at the same time, strategic tasks. The company lays great emphasis on the training of its employees. Here it is worth noting that an increasing number of sector operators enrol their employees in the courses launched by M\u00c1V-REC Kft.<\/p>\n<p>Stable support is provided by mechanical equipment to the railway operations services, which guarantees the reliable management of the transport of several million tonnes of freight per year by rail.<\/p>\n<p>In addition to collecting waste from its own sites, M\u00c1V-REC Kft. has been taking a role in the selective collection of office waste, special demolition and disassembly tasks requiring great expertise and the management of special hazardous waste in recent years. With its experience and expertise, the company is available in almost all sectors of the economy to its existing and prospective partners.<\/p>\n<p>In addition to its constant fields detailed above, M\u00c1V-REC Kft. is available to its partners also in carrying out a number of unique and special tasks.<\/p>\n<p><strong>Some special tasks in recent years:<\/strong><\/p>\n<ul>\n<li>we forwarded about 1.4 million tonnes of building materials from open-cast mines to the M7 Motorway running along Lake Balaton in just a few months;<\/li>\n<li>we were able to fulfil multiple orders in military shipments; we transported tanks, guns, retired aircraft, etc.;<\/li>\n<li>we renovated 200 railway cars;<\/li>\n<li>we organized the industrial utilization of special hazardous materials.<\/li>\n<\/ul>\n<p><em>Our objective is to continuously develop our services under changing market conditions in order to ensure that our partners use them in the long run and with satisfaction.<\/em><\/p>\n<p><a href=\"https:\/\/mavrec.hu\/wp-content\/uploads\/P\u00e1rtatlans\u00e1gi-\u00e9s-f\u00fcggetlens\u00e9gi-nyilatkozat-M\u00c1V-Rec.pdf\" target=\"_blank\" rel=\"noopener\">Declaration of impartiality and independence<\/a><\/p>\n<p><img loading=\"lazy\" decoding=\"async\" class=\"alignnone size-full wp-image-1925 img-responsive\" src=\"https:\/\/mavrec.hu\/wp-content\/uploads\/Csomos_Norbert.jpg\" alt=\"\" width=\"340\" height=\"405\" srcset=\"https:\/\/mavrec.hu\/wp-content\/uploads\/Csomos_Norbert.jpg 340w, https:\/\/mavrec.hu\/wp-content\/uploads\/Csomos_Norbert-252x300.jpg 252w\" sizes=\"auto, (max-width: 340px) 100vw, 340px\" \/><br \/>\nNorbert Csom\u00f3s<br \/>\nManaging Director<\/p>\n","protected":false},"excerpt":{"rendered":"Briefly about our wide range of activities Since its establishment in 2001, M\u00c1V-REC Kft. has become successful in a number of service areas. These service areas have multiple connections to the performance of railway, general logistics, waste management and environmental protection tasks. With its services, the 100% Hungarian-owned company focuses on building and operating comprehensive [&hellip;]","protected":false},"author":2,"featured_media":0,"parent":0,"menu_order":0,"comment_status":"closed","ping_status":"closed","template":"template-parts\/page-generic.php","meta":{"_acf_changed":false,"footnotes":""},"class_list":["post-537","page","type-page","status-publish","hentry"],"acf":[],"yoast_head":"<!-- This site is optimized with the Yoast SEO plugin v24.0 - https:\/\/yoast.com\/wordpress\/plugins\/seo\/ -->\n<title>About our company - M\u00c1V-REC Kft.<\/title>\n<meta name=\"robots\" content=\"index, follow, max-snippet:-1, max-image-preview:large, max-video-preview:-1\" \/>\n<link rel=\"canonical\" href=\"https:\/\/mavrec.hu\/en\/about-our-company\/\" \/>\n<meta property=\"og:locale\" content=\"en_US\" \/>\n<meta property=\"og:type\" content=\"article\" \/>\n<meta property=\"og:title\" content=\"About our company - M\u00c1V-REC Kft.\" \/>\n<meta property=\"og:description\" content=\"Briefly about our wide range of activities Since its establishment in 2001, M\u00c1V-REC Kft. has become successful in a number of service areas. These service areas have multiple connections to the performance of railway, general logistics, waste management and environmental protection tasks. With its services, the 100% Hungarian-owned company focuses on building and operating comprehensive [&hellip;]\" \/>\n<meta property=\"og:url\" content=\"https:\/\/mavrec.hu\/en\/about-our-company\/\" \/>\n<meta property=\"og:site_name\" content=\"M\u00c1V-REC Kft.\" \/>\n<meta property=\"article:publisher\" content=\"https:\/\/www.facebook.com\/mavrecraklap\/\" \/>\n<meta property=\"article:modified_time\" content=\"2020-11-02T14:45:51+00:00\" \/>\n<meta property=\"og:image\" content=\"https:\/\/mavrec.hu\/wp-content\/uploads\/Csomos_Norbert.jpg\" \/>\n\t<meta property=\"og:image:width\" content=\"340\" \/>\n\t<meta property=\"og:image:height\" content=\"405\" \/>\n\t<meta property=\"og:image:type\" content=\"image\/jpeg\" \/>\n<meta name=\"twitter:card\" content=\"summary_large_image\" \/>\n<meta name=\"twitter:label1\" content=\"Est. reading time\" \/>\n\t<meta name=\"twitter:data1\" content=\"3 minutes\" \/>\n<script type=\"application\/ld+json\" class=\"yoast-schema-graph\">{\"@context\":\"https:\/\/schema.org\",\"@graph\":[{\"@type\":\"WebPage\",\"@id\":\"https:\/\/mavrec.hu\/en\/about-our-company\/\",\"url\":\"https:\/\/mavrec.hu\/en\/about-our-company\/\",\"name\":\"About our company - M\u00c1V-REC Kft.\",\"isPartOf\":{\"@id\":\"https:\/\/mavrec.hu\/#website\"},\"primaryImageOfPage\":{\"@id\":\"https:\/\/mavrec.hu\/en\/about-our-company\/#primaryimage\"},\"image\":{\"@id\":\"https:\/\/mavrec.hu\/en\/about-our-company\/#primaryimage\"},\"thumbnailUrl\":\"https:\/\/mavrec.hu\/wp-content\/uploads\/Csomos_Norbert.jpg\",\"datePublished\":\"2019-06-28T08:09:09+00:00\",\"dateModified\":\"2020-11-02T14:45:51+00:00\",\"breadcrumb\":{\"@id\":\"https:\/\/mavrec.hu\/en\/about-our-company\/#breadcrumb\"},\"inLanguage\":\"en-US\",\"potentialAction\":[{\"@type\":\"ReadAction\",\"target\":[\"https:\/\/mavrec.hu\/en\/about-our-company\/\"]}]},{\"@type\":\"ImageObject\",\"inLanguage\":\"en-US\",\"@id\":\"https:\/\/mavrec.hu\/en\/about-our-company\/#primaryimage\",\"url\":\"https:\/\/mavrec.hu\/wp-content\/uploads\/Csomos_Norbert.jpg\",\"contentUrl\":\"https:\/\/mavrec.hu\/wp-content\/uploads\/Csomos_Norbert.jpg\"},{\"@type\":\"BreadcrumbList\",\"@id\":\"https:\/\/mavrec.hu\/en\/about-our-company\/#breadcrumb\",\"itemListElement\":[{\"@type\":\"ListItem\",\"position\":1,\"name\":\"Home\",\"item\":\"https:\/\/mavrec.hu\/en\/homepage\/\"},{\"@type\":\"ListItem\",\"position\":2,\"name\":\"About our company\"}]},{\"@type\":\"WebSite\",\"@id\":\"https:\/\/mavrec.hu\/#website\",\"url\":\"https:\/\/mavrec.hu\/\",\"name\":\"M\u00c1V-REC Kft.\",\"description\":\"\",\"publisher\":{\"@id\":\"https:\/\/mavrec.hu\/#organization\"},\"potentialAction\":[{\"@type\":\"SearchAction\",\"target\":{\"@type\":\"EntryPoint\",\"urlTemplate\":\"https:\/\/mavrec.hu\/?s={search_term_string}\"},\"query-input\":{\"@type\":\"PropertyValueSpecification\",\"valueRequired\":true,\"valueName\":\"search_term_string\"}}],\"inLanguage\":\"en-US\"},{\"@type\":\"Organization\",\"@id\":\"https:\/\/mavrec.hu\/#organization\",\"name\":\"M\u00c1V-REC Kft.\",\"url\":\"https:\/\/mavrec.hu\/\",\"logo\":{\"@type\":\"ImageObject\",\"inLanguage\":\"en-US\",\"@id\":\"https:\/\/mavrec.hu\/#\/schema\/logo\/image\/\",\"url\":\"https:\/\/mavrec.hu\/wp-content\/uploads\/MR_logo.png\",\"contentUrl\":\"https:\/\/mavrec.hu\/wp-content\/uploads\/MR_logo.png\",\"width\":838,\"height\":589,\"caption\":\"M\u00c1V-REC Kft.\"},\"image\":{\"@id\":\"https:\/\/mavrec.hu\/#\/schema\/logo\/image\/\"},\"sameAs\":[\"https:\/\/www.facebook.com\/mavrecraklap\/\"]}]}<\/script>\n<!-- \/ Yoast SEO plugin. -->","yoast_head_json":{"title":"About our company - M\u00c1V-REC Kft.","robots":{"index":"index","follow":"follow","max-snippet":"max-snippet:-1","max-image-preview":"max-image-preview:large","max-video-preview":"max-video-preview:-1"},"canonical":"https:\/\/mavrec.hu\/en\/about-our-company\/","og_locale":"en_US","og_type":"article","og_title":"About our company - M\u00c1V-REC Kft.","og_description":"Briefly about our wide range of activities Since its establishment in 2001, M\u00c1V-REC Kft. has become successful in a number of service areas. These service areas have multiple connections to the performance of railway, general logistics, waste management and environmental protection tasks. With its services, the 100% Hungarian-owned company focuses on building and operating comprehensive [&hellip;]","og_url":"https:\/\/mavrec.hu\/en\/about-our-company\/","og_site_name":"M\u00c1V-REC Kft.","article_publisher":"https:\/\/www.facebook.com\/mavrecraklap\/","article_modified_time":"2020-11-02T14:45:51+00:00","og_image":[{"width":340,"height":405,"url":"https:\/\/mavrec.hu\/wp-content\/uploads\/Csomos_Norbert.jpg","type":"image\/jpeg"}],"twitter_card":"summary_large_image","twitter_misc":{"Est. reading time":"3 minutes"},"schema":{"@context":"https:\/\/schema.org","@graph":[{"@type":"WebPage","@id":"https:\/\/mavrec.hu\/en\/about-our-company\/","url":"https:\/\/mavrec.hu\/en\/about-our-company\/","name":"About our company - M\u00c1V-REC Kft.","isPartOf":{"@id":"https:\/\/mavrec.hu\/#website"},"primaryImageOfPage":{"@id":"https:\/\/mavrec.hu\/en\/about-our-company\/#primaryimage"},"image":{"@id":"https:\/\/mavrec.hu\/en\/about-our-company\/#primaryimage"},"thumbnailUrl":"https:\/\/mavrec.hu\/wp-content\/uploads\/Csomos_Norbert.jpg","datePublished":"2019-06-28T08:09:09+00:00","dateModified":"2020-11-02T14:45:51+00:00","breadcrumb":{"@id":"https:\/\/mavrec.hu\/en\/about-our-company\/#breadcrumb"},"inLanguage":"en-US","potentialAction":[{"@type":"ReadAction","target":["https:\/\/mavrec.hu\/en\/about-our-company\/"]}]},{"@type":"ImageObject","inLanguage":"en-US","@id":"https:\/\/mavrec.hu\/en\/about-our-company\/#primaryimage","url":"https:\/\/mavrec.hu\/wp-content\/uploads\/Csomos_Norbert.jpg","contentUrl":"https:\/\/mavrec.hu\/wp-content\/uploads\/Csomos_Norbert.jpg"},{"@type":"BreadcrumbList","@id":"https:\/\/mavrec.hu\/en\/about-our-company\/#breadcrumb","itemListElement":[{"@type":"ListItem","position":1,"name":"Home","item":"https:\/\/mavrec.hu\/en\/homepage\/"},{"@type":"ListItem","position":2,"name":"About our company"}]},{"@type":"WebSite","@id":"https:\/\/mavrec.hu\/#website","url":"https:\/\/mavrec.hu\/","name":"M\u00c1V-REC Kft.","description":"","publisher":{"@id":"https:\/\/mavrec.hu\/#organization"},"potentialAction":[{"@type":"SearchAction","target":{"@type":"EntryPoint","urlTemplate":"https:\/\/mavrec.hu\/?s={search_term_string}"},"query-input":{"@type":"PropertyValueSpecification","valueRequired":true,"valueName":"search_term_string"}}],"inLanguage":"en-US"},{"@type":"Organization","@id":"https:\/\/mavrec.hu\/#organization","name":"M\u00c1V-REC Kft.","url":"https:\/\/mavrec.hu\/","logo":{"@type":"ImageObject","inLanguage":"en-US","@id":"https:\/\/mavrec.hu\/#\/schema\/logo\/image\/","url":"https:\/\/mavrec.hu\/wp-content\/uploads\/MR_logo.png","contentUrl":"https:\/\/mavrec.hu\/wp-content\/uploads\/MR_logo.png","width":838,"height":589,"caption":"M\u00c1V-REC Kft."},"image":{"@id":"https:\/\/mavrec.hu\/#\/schema\/logo\/image\/"},"sameAs":["https:\/\/www.facebook.com\/mavrecraklap\/"]}]}},"_links":{"self":[{"href":"https:\/\/mavrec.hu\/en\/wp-json\/wp\/v2\/pages\/537","targetHints":{"allow":["GET"]}}],"collection":[{"href":"https:\/\/mavrec.hu\/en\/wp-json\/wp\/v2\/pages"}],"about":[{"href":"https:\/\/mavrec.hu\/en\/wp-json\/wp\/v2\/types\/page"}],"author":[{"embeddable":true,"href":"https:\/\/mavrec.hu\/en\/wp-json\/wp\/v2\/users\/2"}],"replies":[{"embeddable":true,"href":"https:\/\/mavrec.hu\/en\/wp-json\/wp\/v2\/comments?post=537"}],"version-history":[{"count":7,"href":"https:\/\/mavrec.hu\/en\/wp-json\/wp\/v2\/pages\/537\/revisions"}],"predecessor-version":[{"id":2000,"href":"https:\/\/mavrec.hu\/en\/wp-json\/wp\/v2\/pages\/537\/revisions\/2000"}],"wp:attachment":[{"href":"https:\/\/mavrec.hu\/en\/wp-json\/wp\/v2\/media?parent=537"}],"curies":[{"name":"wp","href":"https:\/\/api.w.org\/{rel}","templated":true}]}}