{"id":552,"date":"2019-06-28T09:48:51","date_gmt":"2019-06-28T09:48:51","guid":{"rendered":"http:\/\/mavrec.local\/?page_id=552"},"modified":"2024-10-17T12:19:02","modified_gmt":"2024-10-17T12:19:02","slug":"services","status":"publish","type":"page","link":"https:\/\/mavrec.hu\/en\/railway-operations-services\/services\/","title":{"rendered":"Services"},"content":{"rendered":"<ul>\n<li>comprehensive operation of private rail networks and operation of internal railway operations on industrial tracks;<\/li>\n<li>acceptance\/delivery of railway cars from\/to forwarding railway companies, their traction from public traffic areas (railway stations), performance of internal\/local shunting, positioning for loading, loading in compliance with the rules, dispatch of shipments, unloading, emptying of cars, operation of filling and draw-off equipment, weighing, freight management, and formation or preparation of trains and their traction to public traffic areas (railway stations);<\/li>\n<li>supervision and maintenance of railway line networks;<\/li>\n<li>supervision of interlocking equipment and performance of maintenance activities;<\/li>\n<li>operation, supervision and maintenance of railway loading, filling and draw-off equipment;<\/li>\n<li>performance of supplementary railway operation activities and\/or sub-activities and provision of supplementary railway operation services (park maintenance and performance of auxiliary production tasks);<\/li>\n<li>reconstruction of rail networks and design, application for licensing and construction of new rail networks;<\/li>\n<li>freight forwarding (by road, rail and\/or combined);<\/li>\n<li>mixed trading and service activities;<\/li>\n<li>consulting on railway systems, railway operation and track engineering;<\/li>\n<li>preparation, supervision and optimization of service technologies and their adjustment to the requirements of our customers;<\/li>\n<li>railway logistics consulting.<\/li>\n<\/ul>\n<div lang=\"HU\"><a href=\"https:\/\/mavrec.hu\/wp-content\/uploads\/VSZ-vasuti-tarsasag-2022-MAV-REC.pdf\" target=\"_blank\" rel=\"noopener\">VIZSGASZAB\u00c1LYZAT \u00c9S ELJ\u00c1R\u00c1SI REND<\/a><\/div>\n<div lang=\"HU\">\u00a0<\/div>\n<div lang=\"HU\"><a href=\"https:\/\/mavrec.hu\/wp-content\/uploads\/VSZ_fuggelek_vasutitarsasagi_2022_2_MAV-REC-1.pdf\" target=\"_blank\" rel=\"noopener\">VIZSGASZAB\u00c1LYZAT \u00c9S ELJ\u00c1R\u00c1SI REND F\u00dcGGEL\u00c9KEI<\/a><\/div>\n\n\n\n","protected":false},"excerpt":{"rendered":"comprehensive operation of private rail networks and operation of internal railway operations on industrial tracks; acceptance\/delivery of railway cars from\/to forwarding railway companies, their traction from public traffic areas (railway stations), performance of internal\/local shunting, positioning for loading, loading in compliance with the rules, dispatch of shipments, unloading, emptying of cars, operation of filling and [&hellip;]","protected":false},"author":2,"featured_media":0,"parent":548,"menu_order":0,"comment_status":"closed","ping_status":"closed","template":"template-parts\/page-generic.php","meta":{"_acf_changed":false,"footnotes":""},"class_list":["post-552","page","type-page","status-publish","hentry"],"acf":[],"yoast_head":"<!-- This site is optimized with the Yoast SEO plugin v24.0 - https:\/\/yoast.com\/wordpress\/plugins\/seo\/ -->\n<title>Services - M\u00c1V-REC Kft.<\/title>\n<meta name=\"robots\" content=\"index, follow, max-snippet:-1, max-image-preview:large, max-video-preview:-1\" \/>\n<link rel=\"canonical\" href=\"https:\/\/mavrec.hu\/en\/railway-operations-services\/services\/\" \/>\n<meta property=\"og:locale\" content=\"en_US\" \/>\n<meta property=\"og:type\" content=\"article\" \/>\n<meta property=\"og:title\" content=\"Services - M\u00c1V-REC Kft.\" \/>\n<meta property=\"og:description\" content=\"comprehensive operation of private rail networks and operation of internal railway operations on industrial tracks; acceptance\/delivery of railway cars from\/to forwarding railway companies, their traction from public traffic areas (railway stations), performance of internal\/local shunting, positioning for loading, loading in compliance with the rules, dispatch of shipments, unloading, emptying of cars, operation of filling and [&hellip;]\" \/>\n<meta property=\"og:url\" content=\"https:\/\/mavrec.hu\/en\/railway-operations-services\/services\/\" \/>\n<meta property=\"og:site_name\" content=\"M\u00c1V-REC Kft.\" \/>\n<meta property=\"article:publisher\" content=\"https:\/\/www.facebook.com\/mavrecraklap\/\" \/>\n<meta property=\"article:modified_time\" content=\"2024-10-17T12:19:02+00:00\" \/>\n<meta name=\"twitter:card\" content=\"summary_large_image\" \/>\n<meta name=\"twitter:label1\" content=\"Est. reading time\" \/>\n\t<meta name=\"twitter:data1\" content=\"2 minutes\" \/>\n<script type=\"application\/ld+json\" class=\"yoast-schema-graph\">{\"@context\":\"https:\/\/schema.org\",\"@graph\":[{\"@type\":\"WebPage\",\"@id\":\"https:\/\/mavrec.hu\/en\/railway-operations-services\/services\/\",\"url\":\"https:\/\/mavrec.hu\/en\/railway-operations-services\/services\/\",\"name\":\"Services - M\u00c1V-REC Kft.\",\"isPartOf\":{\"@id\":\"https:\/\/mavrec.hu\/#website\"},\"datePublished\":\"2019-06-28T09:48:51+00:00\",\"dateModified\":\"2024-10-17T12:19:02+00:00\",\"breadcrumb\":{\"@id\":\"https:\/\/mavrec.hu\/en\/railway-operations-services\/services\/#breadcrumb\"},\"inLanguage\":\"en-US\",\"potentialAction\":[{\"@type\":\"ReadAction\",\"target\":[\"https:\/\/mavrec.hu\/en\/railway-operations-services\/services\/\"]}]},{\"@type\":\"BreadcrumbList\",\"@id\":\"https:\/\/mavrec.hu\/en\/railway-operations-services\/services\/#breadcrumb\",\"itemListElement\":[{\"@type\":\"ListItem\",\"position\":1,\"name\":\"Home\",\"item\":\"https:\/\/mavrec.hu\/en\/homepage\/\"},{\"@type\":\"ListItem\",\"position\":2,\"name\":\"Railway Operations Services\",\"item\":\"https:\/\/mavrec.hu\/en\/railway-operations-services\/\"},{\"@type\":\"ListItem\",\"position\":3,\"name\":\"Services\"}]},{\"@type\":\"WebSite\",\"@id\":\"https:\/\/mavrec.hu\/#website\",\"url\":\"https:\/\/mavrec.hu\/\",\"name\":\"M\u00c1V-REC Kft.\",\"description\":\"\",\"publisher\":{\"@id\":\"https:\/\/mavrec.hu\/#organization\"},\"potentialAction\":[{\"@type\":\"SearchAction\",\"target\":{\"@type\":\"EntryPoint\",\"urlTemplate\":\"https:\/\/mavrec.hu\/?s={search_term_string}\"},\"query-input\":{\"@type\":\"PropertyValueSpecification\",\"valueRequired\":true,\"valueName\":\"search_term_string\"}}],\"inLanguage\":\"en-US\"},{\"@type\":\"Organization\",\"@id\":\"https:\/\/mavrec.hu\/#organization\",\"name\":\"M\u00c1V-REC Kft.\",\"url\":\"https:\/\/mavrec.hu\/\",\"logo\":{\"@type\":\"ImageObject\",\"inLanguage\":\"en-US\",\"@id\":\"https:\/\/mavrec.hu\/#\/schema\/logo\/image\/\",\"url\":\"https:\/\/mavrec.hu\/wp-content\/uploads\/MR_logo.png\",\"contentUrl\":\"https:\/\/mavrec.hu\/wp-content\/uploads\/MR_logo.png\",\"width\":838,\"height\":589,\"caption\":\"M\u00c1V-REC Kft.\"},\"image\":{\"@id\":\"https:\/\/mavrec.hu\/#\/schema\/logo\/image\/\"},\"sameAs\":[\"https:\/\/www.facebook.com\/mavrecraklap\/\"]}]}<\/script>\n<!-- \/ Yoast SEO plugin. -->","yoast_head_json":{"title":"Services - M\u00c1V-REC Kft.","robots":{"index":"index","follow":"follow","max-snippet":"max-snippet:-1","max-image-preview":"max-image-preview:large","max-video-preview":"max-video-preview:-1"},"canonical":"https:\/\/mavrec.hu\/en\/railway-operations-services\/services\/","og_locale":"en_US","og_type":"article","og_title":"Services - M\u00c1V-REC Kft.","og_description":"comprehensive operation of private rail networks and operation of internal railway operations on industrial tracks; acceptance\/delivery of railway cars from\/to forwarding railway companies, their traction from public traffic areas (railway stations), performance of internal\/local shunting, positioning for loading, loading in compliance with the rules, dispatch of shipments, unloading, emptying of cars, operation of filling and [&hellip;]","og_url":"https:\/\/mavrec.hu\/en\/railway-operations-services\/services\/","og_site_name":"M\u00c1V-REC Kft.","article_publisher":"https:\/\/www.facebook.com\/mavrecraklap\/","article_modified_time":"2024-10-17T12:19:02+00:00","twitter_card":"summary_large_image","twitter_misc":{"Est. reading time":"2 minutes"},"schema":{"@context":"https:\/\/schema.org","@graph":[{"@type":"WebPage","@id":"https:\/\/mavrec.hu\/en\/railway-operations-services\/services\/","url":"https:\/\/mavrec.hu\/en\/railway-operations-services\/services\/","name":"Services - M\u00c1V-REC Kft.","isPartOf":{"@id":"https:\/\/mavrec.hu\/#website"},"datePublished":"2019-06-28T09:48:51+00:00","dateModified":"2024-10-17T12:19:02+00:00","breadcrumb":{"@id":"https:\/\/mavrec.hu\/en\/railway-operations-services\/services\/#breadcrumb"},"inLanguage":"en-US","potentialAction":[{"@type":"ReadAction","target":["https:\/\/mavrec.hu\/en\/railway-operations-services\/services\/"]}]},{"@type":"BreadcrumbList","@id":"https:\/\/mavrec.hu\/en\/railway-operations-services\/services\/#breadcrumb","itemListElement":[{"@type":"ListItem","position":1,"name":"Home","item":"https:\/\/mavrec.hu\/en\/homepage\/"},{"@type":"ListItem","position":2,"name":"Railway Operations Services","item":"https:\/\/mavrec.hu\/en\/railway-operations-services\/"},{"@type":"ListItem","position":3,"name":"Services"}]},{"@type":"WebSite","@id":"https:\/\/mavrec.hu\/#website","url":"https:\/\/mavrec.hu\/","name":"M\u00c1V-REC Kft.","description":"","publisher":{"@id":"https:\/\/mavrec.hu\/#organization"},"potentialAction":[{"@type":"SearchAction","target":{"@type":"EntryPoint","urlTemplate":"https:\/\/mavrec.hu\/?s={search_term_string}"},"query-input":{"@type":"PropertyValueSpecification","valueRequired":true,"valueName":"search_term_string"}}],"inLanguage":"en-US"},{"@type":"Organization","@id":"https:\/\/mavrec.hu\/#organization","name":"M\u00c1V-REC Kft.","url":"https:\/\/mavrec.hu\/","logo":{"@type":"ImageObject","inLanguage":"en-US","@id":"https:\/\/mavrec.hu\/#\/schema\/logo\/image\/","url":"https:\/\/mavrec.hu\/wp-content\/uploads\/MR_logo.png","contentUrl":"https:\/\/mavrec.hu\/wp-content\/uploads\/MR_logo.png","width":838,"height":589,"caption":"M\u00c1V-REC Kft."},"image":{"@id":"https:\/\/mavrec.hu\/#\/schema\/logo\/image\/"},"sameAs":["https:\/\/www.facebook.com\/mavrecraklap\/"]}]}},"_links":{"self":[{"href":"https:\/\/mavrec.hu\/en\/wp-json\/wp\/v2\/pages\/552","targetHints":{"allow":["GET"]}}],"collection":[{"href":"https:\/\/mavrec.hu\/en\/wp-json\/wp\/v2\/pages"}],"about":[{"href":"https:\/\/mavrec.hu\/en\/wp-json\/wp\/v2\/types\/page"}],"author":[{"embeddable":true,"href":"https:\/\/mavrec.hu\/en\/wp-json\/wp\/v2\/users\/2"}],"replies":[{"embeddable":true,"href":"https:\/\/mavrec.hu\/en\/wp-json\/wp\/v2\/comments?post=552"}],"version-history":[{"count":5,"href":"https:\/\/mavrec.hu\/en\/wp-json\/wp\/v2\/pages\/552\/revisions"}],"predecessor-version":[{"id":5861,"href":"https:\/\/mavrec.hu\/en\/wp-json\/wp\/v2\/pages\/552\/revisions\/5861"}],"up":[{"embeddable":true,"href":"https:\/\/mavrec.hu\/en\/wp-json\/wp\/v2\/pages\/548"}],"wp:attachment":[{"href":"https:\/\/mavrec.hu\/en\/wp-json\/wp\/v2\/media?parent=552"}],"curies":[{"name":"wp","href":"https:\/\/api.w.org\/{rel}","templated":true}]}}