{"id":570,"date":"2019-06-28T10:11:04","date_gmt":"2019-06-28T10:11:04","guid":{"rendered":"http:\/\/mavrec.local\/?page_id=570"},"modified":"2026-03-03T08:47:19","modified_gmt":"2026-03-03T08:47:19","slug":"services","status":"publish","type":"page","link":"https:\/\/mavrec.hu\/en\/quality-control-of-pallets\/services\/","title":{"rendered":"Services"},"content":{"rendered":"<p>The objective of the inspection activity is to maintain a constant high quality level, which is carried out by the highly competent, impartial staff of M\u00c1V-REC Kft., who are committed to quality. Our innovative training for pallet users has also brought about an improvement in quality, so today most of the logistics companies use the service we offer. The specialist activities are carried maintaining a quality management system.<\/p>\n<p>\u2018Quality without compromise &#8230;\u2019, i.e. Quality is equal to M\u00c1V-REC Kft.<br \/>\nThe employees of M\u00c1V-REC Kft. are constantly working on the latest technologies and innovations to ensure the way in which pallet users can operate the exchange system the most efficiently.<\/p>\n<p>Interchangeability<\/p>\n<p>UIC-EUR and EPAL-EPAL pallets are present in the market for exchange pallets.<\/p>\n<p>Further information about exchange pallet systems:<\/p>\n<p><a href=\"https:\/\/mavrec.hu\/wp-content\/uploads\/EUR-rakod%C3%B3lapok-v%C3%A9djegyoltalma-m%C3%B3dos%C3%ADtott.pdf\">Certificate<\/a><\/p>\n<p><a href=\"https:\/\/mavrec.hu\/wp-content\/uploads\/2026_Gyartok_javitok_listaja_Mo-1.pdf\" target=\"_blank\" rel=\"noopener\">Licence holders<\/a><\/p>\n<p><a href=\"https:\/\/mavrec.hu\/wp-content\/uploads\/\u00datmutat\u00f3-az-EUR-raklapok-min\u0151s\u00e9gi-oszt\u00e1lyba-sorol\u00e1s\u00e1hoz-1.pdf\" target=\"_blank\" rel=\"noopener\">\u00datmutat\u00f3 az EUR raklapok min\u0151s\u00e9gi oszt\u00e1lyba sorol\u00e1s\u00e1hoz<\/a><\/p>\n<p><a href=\"https:\/\/mavrec.hu\/wp-content\/uploads\/MS-1-01-25-Exchangeability_EUR_und_EPAL_Europaletten_final_eng.pdf\" target=\"_blank\" rel=\"noopener\">UIC raklapok cser\u00e9je az Epal raklapokkal 2022-ben<\/a><\/p>\n","protected":false},"excerpt":{"rendered":"The objective of the inspection activity is to maintain a constant high quality level, which is carried out by the highly competent, impartial staff of M\u00c1V-REC Kft., who are committed to quality. Our innovative training for pallet users has also brought about an improvement in quality, so today most of the logistics companies use the [&hellip;]","protected":false},"author":2,"featured_media":0,"parent":566,"menu_order":0,"comment_status":"closed","ping_status":"closed","template":"template-parts\/page-generic.php","meta":{"_acf_changed":false,"footnotes":""},"class_list":["post-570","page","type-page","status-publish","hentry"],"acf":[],"yoast_head":"<!-- This site is optimized with the Yoast SEO plugin v24.0 - https:\/\/yoast.com\/wordpress\/plugins\/seo\/ -->\n<title>Services - M\u00c1V-REC Kft.<\/title>\n<meta name=\"robots\" content=\"index, follow, max-snippet:-1, max-image-preview:large, max-video-preview:-1\" \/>\n<link rel=\"canonical\" href=\"https:\/\/mavrec.hu\/en\/quality-control-of-pallets\/services\/\" \/>\n<meta property=\"og:locale\" content=\"en_US\" \/>\n<meta property=\"og:type\" content=\"article\" \/>\n<meta property=\"og:title\" content=\"Services - M\u00c1V-REC Kft.\" \/>\n<meta property=\"og:description\" content=\"The objective of the inspection activity is to maintain a constant high quality level, which is carried out by the highly competent, impartial staff of M\u00c1V-REC Kft., who are committed to quality. Our innovative training for pallet users has also brought about an improvement in quality, so today most of the logistics companies use the [&hellip;]\" \/>\n<meta property=\"og:url\" content=\"https:\/\/mavrec.hu\/en\/quality-control-of-pallets\/services\/\" \/>\n<meta property=\"og:site_name\" content=\"M\u00c1V-REC Kft.\" \/>\n<meta property=\"article:publisher\" content=\"https:\/\/www.facebook.com\/mavrecraklap\/\" \/>\n<meta property=\"article:modified_time\" content=\"2026-03-03T08:47:19+00:00\" \/>\n<meta name=\"twitter:card\" content=\"summary_large_image\" \/>\n<meta name=\"twitter:label1\" content=\"Est. reading time\" \/>\n\t<meta name=\"twitter:data1\" content=\"1 minute\" \/>\n<script type=\"application\/ld+json\" class=\"yoast-schema-graph\">{\"@context\":\"https:\/\/schema.org\",\"@graph\":[{\"@type\":\"WebPage\",\"@id\":\"https:\/\/mavrec.hu\/en\/quality-control-of-pallets\/services\/\",\"url\":\"https:\/\/mavrec.hu\/en\/quality-control-of-pallets\/services\/\",\"name\":\"Services - M\u00c1V-REC Kft.\",\"isPartOf\":{\"@id\":\"https:\/\/mavrec.hu\/#website\"},\"datePublished\":\"2019-06-28T10:11:04+00:00\",\"dateModified\":\"2026-03-03T08:47:19+00:00\",\"breadcrumb\":{\"@id\":\"https:\/\/mavrec.hu\/en\/quality-control-of-pallets\/services\/#breadcrumb\"},\"inLanguage\":\"en-US\",\"potentialAction\":[{\"@type\":\"ReadAction\",\"target\":[\"https:\/\/mavrec.hu\/en\/quality-control-of-pallets\/services\/\"]}]},{\"@type\":\"BreadcrumbList\",\"@id\":\"https:\/\/mavrec.hu\/en\/quality-control-of-pallets\/services\/#breadcrumb\",\"itemListElement\":[{\"@type\":\"ListItem\",\"position\":1,\"name\":\"Home\",\"item\":\"https:\/\/mavrec.hu\/en\/homepage\/\"},{\"@type\":\"ListItem\",\"position\":2,\"name\":\"Quality Control of Pallets\",\"item\":\"https:\/\/mavrec.hu\/en\/quality-control-of-pallets\/\"},{\"@type\":\"ListItem\",\"position\":3,\"name\":\"Services\"}]},{\"@type\":\"WebSite\",\"@id\":\"https:\/\/mavrec.hu\/#website\",\"url\":\"https:\/\/mavrec.hu\/\",\"name\":\"M\u00c1V-REC Kft.\",\"description\":\"\",\"publisher\":{\"@id\":\"https:\/\/mavrec.hu\/#organization\"},\"potentialAction\":[{\"@type\":\"SearchAction\",\"target\":{\"@type\":\"EntryPoint\",\"urlTemplate\":\"https:\/\/mavrec.hu\/?s={search_term_string}\"},\"query-input\":{\"@type\":\"PropertyValueSpecification\",\"valueRequired\":true,\"valueName\":\"search_term_string\"}}],\"inLanguage\":\"en-US\"},{\"@type\":\"Organization\",\"@id\":\"https:\/\/mavrec.hu\/#organization\",\"name\":\"M\u00c1V-REC Kft.\",\"url\":\"https:\/\/mavrec.hu\/\",\"logo\":{\"@type\":\"ImageObject\",\"inLanguage\":\"en-US\",\"@id\":\"https:\/\/mavrec.hu\/#\/schema\/logo\/image\/\",\"url\":\"https:\/\/mavrec.hu\/wp-content\/uploads\/MR_logo.png\",\"contentUrl\":\"https:\/\/mavrec.hu\/wp-content\/uploads\/MR_logo.png\",\"width\":838,\"height\":589,\"caption\":\"M\u00c1V-REC Kft.\"},\"image\":{\"@id\":\"https:\/\/mavrec.hu\/#\/schema\/logo\/image\/\"},\"sameAs\":[\"https:\/\/www.facebook.com\/mavrecraklap\/\"]}]}<\/script>\n<!-- \/ Yoast SEO plugin. -->","yoast_head_json":{"title":"Services - M\u00c1V-REC Kft.","robots":{"index":"index","follow":"follow","max-snippet":"max-snippet:-1","max-image-preview":"max-image-preview:large","max-video-preview":"max-video-preview:-1"},"canonical":"https:\/\/mavrec.hu\/en\/quality-control-of-pallets\/services\/","og_locale":"en_US","og_type":"article","og_title":"Services - M\u00c1V-REC Kft.","og_description":"The objective of the inspection activity is to maintain a constant high quality level, which is carried out by the highly competent, impartial staff of M\u00c1V-REC Kft., who are committed to quality. Our innovative training for pallet users has also brought about an improvement in quality, so today most of the logistics companies use the [&hellip;]","og_url":"https:\/\/mavrec.hu\/en\/quality-control-of-pallets\/services\/","og_site_name":"M\u00c1V-REC Kft.","article_publisher":"https:\/\/www.facebook.com\/mavrecraklap\/","article_modified_time":"2026-03-03T08:47:19+00:00","twitter_card":"summary_large_image","twitter_misc":{"Est. reading time":"1 minute"},"schema":{"@context":"https:\/\/schema.org","@graph":[{"@type":"WebPage","@id":"https:\/\/mavrec.hu\/en\/quality-control-of-pallets\/services\/","url":"https:\/\/mavrec.hu\/en\/quality-control-of-pallets\/services\/","name":"Services - M\u00c1V-REC Kft.","isPartOf":{"@id":"https:\/\/mavrec.hu\/#website"},"datePublished":"2019-06-28T10:11:04+00:00","dateModified":"2026-03-03T08:47:19+00:00","breadcrumb":{"@id":"https:\/\/mavrec.hu\/en\/quality-control-of-pallets\/services\/#breadcrumb"},"inLanguage":"en-US","potentialAction":[{"@type":"ReadAction","target":["https:\/\/mavrec.hu\/en\/quality-control-of-pallets\/services\/"]}]},{"@type":"BreadcrumbList","@id":"https:\/\/mavrec.hu\/en\/quality-control-of-pallets\/services\/#breadcrumb","itemListElement":[{"@type":"ListItem","position":1,"name":"Home","item":"https:\/\/mavrec.hu\/en\/homepage\/"},{"@type":"ListItem","position":2,"name":"Quality Control of Pallets","item":"https:\/\/mavrec.hu\/en\/quality-control-of-pallets\/"},{"@type":"ListItem","position":3,"name":"Services"}]},{"@type":"WebSite","@id":"https:\/\/mavrec.hu\/#website","url":"https:\/\/mavrec.hu\/","name":"M\u00c1V-REC Kft.","description":"","publisher":{"@id":"https:\/\/mavrec.hu\/#organization"},"potentialAction":[{"@type":"SearchAction","target":{"@type":"EntryPoint","urlTemplate":"https:\/\/mavrec.hu\/?s={search_term_string}"},"query-input":{"@type":"PropertyValueSpecification","valueRequired":true,"valueName":"search_term_string"}}],"inLanguage":"en-US"},{"@type":"Organization","@id":"https:\/\/mavrec.hu\/#organization","name":"M\u00c1V-REC Kft.","url":"https:\/\/mavrec.hu\/","logo":{"@type":"ImageObject","inLanguage":"en-US","@id":"https:\/\/mavrec.hu\/#\/schema\/logo\/image\/","url":"https:\/\/mavrec.hu\/wp-content\/uploads\/MR_logo.png","contentUrl":"https:\/\/mavrec.hu\/wp-content\/uploads\/MR_logo.png","width":838,"height":589,"caption":"M\u00c1V-REC Kft."},"image":{"@id":"https:\/\/mavrec.hu\/#\/schema\/logo\/image\/"},"sameAs":["https:\/\/www.facebook.com\/mavrecraklap\/"]}]}},"_links":{"self":[{"href":"https:\/\/mavrec.hu\/en\/wp-json\/wp\/v2\/pages\/570","targetHints":{"allow":["GET"]}}],"collection":[{"href":"https:\/\/mavrec.hu\/en\/wp-json\/wp\/v2\/pages"}],"about":[{"href":"https:\/\/mavrec.hu\/en\/wp-json\/wp\/v2\/types\/page"}],"author":[{"embeddable":true,"href":"https:\/\/mavrec.hu\/en\/wp-json\/wp\/v2\/users\/2"}],"replies":[{"embeddable":true,"href":"https:\/\/mavrec.hu\/en\/wp-json\/wp\/v2\/comments?post=570"}],"version-history":[{"count":62,"href":"https:\/\/mavrec.hu\/en\/wp-json\/wp\/v2\/pages\/570\/revisions"}],"predecessor-version":[{"id":6738,"href":"https:\/\/mavrec.hu\/en\/wp-json\/wp\/v2\/pages\/570\/revisions\/6738"}],"up":[{"embeddable":true,"href":"https:\/\/mavrec.hu\/en\/wp-json\/wp\/v2\/pages\/566"}],"wp:attachment":[{"href":"https:\/\/mavrec.hu\/en\/wp-json\/wp\/v2\/media?parent=570"}],"curies":[{"name":"wp","href":"https:\/\/api.w.org\/{rel}","templated":true}]}}