{"id":602,"date":"2019-06-28T10:34:27","date_gmt":"2019-06-28T10:34:27","guid":{"rendered":"http:\/\/mavrec.local\/?page_id=602"},"modified":"2026-01-08T11:48:37","modified_gmt":"2026-01-08T11:48:37","slug":"contact-us","status":"publish","type":"page","link":"https:\/\/mavrec.hu\/en\/waste-management\/contact-us\/","title":{"rendered":"Contact Us"},"content":{"rendered":"<h3><strong>Telephely\u00fcnk telefonsz\u00e1ma: +36 30 218 9778<\/strong><\/h3>\n<h3><strong>Kedves \u00dcgyfeleink!<\/strong><\/h3>\n<p><strong>Ez\u00faton \u00e9rtes\u00edtj\u00fck \u00d6n\u00f6ket, hogy 2026.01.10. napj\u00e1n telephely\u00fcnk z\u00e1rva tart.<\/strong><\/p>\n<h3><strong>Boldog \u00daj \u00c9vet k\u00edv\u00e1n a M\u00c1V-REC Kft.!<\/strong><\/h3>\n<h3><\/h3>\n<h3><span class=\"colour\">N<\/span><span class=\"colour\">yitvat<\/span><span class=\"colour\">art\u00e1si<\/span><span class=\"colour\"> id\u0151: <\/span><\/h3>\n<h3><span class=\"colour\">H\u00e9<\/span><span class=\"colour\">tf\u0151-Cs\u00fct\u00f6rt\u00f6k:<\/span><span class=\"colour\"> 7:00-16:00<\/span><\/h3>\n<h3><span class=\"colour\">P\u00e9nt<\/span><span class=\"colour\">ek:<\/span><span class=\"colour\"> 7:00-14:00<\/span><\/h3>\n<h3><span class=\"colour\">Szo<\/span><span class=\"colour\">mbat,<\/span><span class=\"colour\"> Vas\u00e1rnap:<\/span><span class=\"colour\"> Z\u00c1RVA<\/span><\/h3>\n<h4><\/h4>\n<h4><\/h4>\n<h4><\/h4>\n<h3><\/h3>\n","protected":false},"excerpt":{"rendered":"Telephely\u00fcnk telefonsz\u00e1ma: +36 30 218 9778 Kedves \u00dcgyfeleink! Ez\u00faton \u00e9rtes\u00edtj\u00fck \u00d6n\u00f6ket, hogy 2026.01.10. napj\u00e1n telephely\u00fcnk z\u00e1rva tart. Boldog \u00daj \u00c9vet k\u00edv\u00e1n a M\u00c1V-REC Kft.! Nyitvatart\u00e1si id\u0151: H\u00e9tf\u0151-Cs\u00fct\u00f6rt\u00f6k: 7:00-16:00 P\u00e9ntek: 7:00-14:00 Szombat, Vas\u00e1rnap: Z\u00c1RVA","protected":false},"author":2,"featured_media":0,"parent":579,"menu_order":0,"comment_status":"closed","ping_status":"closed","template":"template-parts\/page-hulladek-contact.php","meta":{"_acf_changed":false,"footnotes":""},"class_list":["post-602","page","type-page","status-publish","hentry"],"acf":[],"yoast_head":"<!-- This site is optimized with the Yoast SEO plugin v24.0 - https:\/\/yoast.com\/wordpress\/plugins\/seo\/ -->\n<title>Contact Us - M\u00c1V-REC Kft.<\/title>\n<meta name=\"robots\" content=\"index, follow, max-snippet:-1, max-image-preview:large, max-video-preview:-1\" \/>\n<link rel=\"canonical\" href=\"https:\/\/mavrec.hu\/en\/waste-management\/contact-us\/\" \/>\n<meta property=\"og:locale\" content=\"en_US\" \/>\n<meta property=\"og:type\" content=\"article\" \/>\n<meta property=\"og:title\" content=\"Contact Us - M\u00c1V-REC Kft.\" \/>\n<meta property=\"og:description\" content=\"Telephely\u00fcnk telefonsz\u00e1ma: +36 30 218 9778 Kedves \u00dcgyfeleink! Ez\u00faton \u00e9rtes\u00edtj\u00fck \u00d6n\u00f6ket, hogy 2026.01.10. napj\u00e1n telephely\u00fcnk z\u00e1rva tart. Boldog \u00daj \u00c9vet k\u00edv\u00e1n a M\u00c1V-REC Kft.! Nyitvatart\u00e1si id\u0151: H\u00e9tf\u0151-Cs\u00fct\u00f6rt\u00f6k: 7:00-16:00 P\u00e9ntek: 7:00-14:00 Szombat, Vas\u00e1rnap: Z\u00c1RVA\" \/>\n<meta property=\"og:url\" content=\"https:\/\/mavrec.hu\/en\/waste-management\/contact-us\/\" \/>\n<meta property=\"og:site_name\" content=\"M\u00c1V-REC Kft.\" \/>\n<meta property=\"article:publisher\" content=\"https:\/\/www.facebook.com\/mavrecraklap\/\" \/>\n<meta property=\"article:modified_time\" content=\"2026-01-08T11:48:37+00:00\" \/>\n<meta name=\"twitter:card\" content=\"summary_large_image\" \/>\n<meta name=\"twitter:label1\" content=\"Est. reading time\" \/>\n\t<meta name=\"twitter:data1\" content=\"1 minute\" \/>\n<script type=\"application\/ld+json\" class=\"yoast-schema-graph\">{\"@context\":\"https:\/\/schema.org\",\"@graph\":[{\"@type\":\"WebPage\",\"@id\":\"https:\/\/mavrec.hu\/en\/waste-management\/contact-us\/\",\"url\":\"https:\/\/mavrec.hu\/en\/waste-management\/contact-us\/\",\"name\":\"Contact Us - M\u00c1V-REC Kft.\",\"isPartOf\":{\"@id\":\"https:\/\/mavrec.hu\/#website\"},\"datePublished\":\"2019-06-28T10:34:27+00:00\",\"dateModified\":\"2026-01-08T11:48:37+00:00\",\"breadcrumb\":{\"@id\":\"https:\/\/mavrec.hu\/en\/waste-management\/contact-us\/#breadcrumb\"},\"inLanguage\":\"en-US\",\"potentialAction\":[{\"@type\":\"ReadAction\",\"target\":[\"https:\/\/mavrec.hu\/en\/waste-management\/contact-us\/\"]}]},{\"@type\":\"BreadcrumbList\",\"@id\":\"https:\/\/mavrec.hu\/en\/waste-management\/contact-us\/#breadcrumb\",\"itemListElement\":[{\"@type\":\"ListItem\",\"position\":1,\"name\":\"Home\",\"item\":\"https:\/\/mavrec.hu\/en\/homepage\/\"},{\"@type\":\"ListItem\",\"position\":2,\"name\":\"Waste Management\",\"item\":\"https:\/\/mavrec.hu\/en\/waste-management\/\"},{\"@type\":\"ListItem\",\"position\":3,\"name\":\"Contact Us\"}]},{\"@type\":\"WebSite\",\"@id\":\"https:\/\/mavrec.hu\/#website\",\"url\":\"https:\/\/mavrec.hu\/\",\"name\":\"M\u00c1V-REC Kft.\",\"description\":\"\",\"publisher\":{\"@id\":\"https:\/\/mavrec.hu\/#organization\"},\"potentialAction\":[{\"@type\":\"SearchAction\",\"target\":{\"@type\":\"EntryPoint\",\"urlTemplate\":\"https:\/\/mavrec.hu\/?s={search_term_string}\"},\"query-input\":{\"@type\":\"PropertyValueSpecification\",\"valueRequired\":true,\"valueName\":\"search_term_string\"}}],\"inLanguage\":\"en-US\"},{\"@type\":\"Organization\",\"@id\":\"https:\/\/mavrec.hu\/#organization\",\"name\":\"M\u00c1V-REC Kft.\",\"url\":\"https:\/\/mavrec.hu\/\",\"logo\":{\"@type\":\"ImageObject\",\"inLanguage\":\"en-US\",\"@id\":\"https:\/\/mavrec.hu\/#\/schema\/logo\/image\/\",\"url\":\"https:\/\/mavrec.hu\/wp-content\/uploads\/MR_logo.png\",\"contentUrl\":\"https:\/\/mavrec.hu\/wp-content\/uploads\/MR_logo.png\",\"width\":838,\"height\":589,\"caption\":\"M\u00c1V-REC Kft.\"},\"image\":{\"@id\":\"https:\/\/mavrec.hu\/#\/schema\/logo\/image\/\"},\"sameAs\":[\"https:\/\/www.facebook.com\/mavrecraklap\/\"]}]}<\/script>\n<!-- \/ Yoast SEO plugin. -->","yoast_head_json":{"title":"Contact Us - M\u00c1V-REC Kft.","robots":{"index":"index","follow":"follow","max-snippet":"max-snippet:-1","max-image-preview":"max-image-preview:large","max-video-preview":"max-video-preview:-1"},"canonical":"https:\/\/mavrec.hu\/en\/waste-management\/contact-us\/","og_locale":"en_US","og_type":"article","og_title":"Contact Us - M\u00c1V-REC Kft.","og_description":"Telephely\u00fcnk telefonsz\u00e1ma: +36 30 218 9778 Kedves \u00dcgyfeleink! Ez\u00faton \u00e9rtes\u00edtj\u00fck \u00d6n\u00f6ket, hogy 2026.01.10. napj\u00e1n telephely\u00fcnk z\u00e1rva tart. Boldog \u00daj \u00c9vet k\u00edv\u00e1n a M\u00c1V-REC Kft.! Nyitvatart\u00e1si id\u0151: H\u00e9tf\u0151-Cs\u00fct\u00f6rt\u00f6k: 7:00-16:00 P\u00e9ntek: 7:00-14:00 Szombat, Vas\u00e1rnap: Z\u00c1RVA","og_url":"https:\/\/mavrec.hu\/en\/waste-management\/contact-us\/","og_site_name":"M\u00c1V-REC Kft.","article_publisher":"https:\/\/www.facebook.com\/mavrecraklap\/","article_modified_time":"2026-01-08T11:48:37+00:00","twitter_card":"summary_large_image","twitter_misc":{"Est. reading time":"1 minute"},"schema":{"@context":"https:\/\/schema.org","@graph":[{"@type":"WebPage","@id":"https:\/\/mavrec.hu\/en\/waste-management\/contact-us\/","url":"https:\/\/mavrec.hu\/en\/waste-management\/contact-us\/","name":"Contact Us - M\u00c1V-REC Kft.","isPartOf":{"@id":"https:\/\/mavrec.hu\/#website"},"datePublished":"2019-06-28T10:34:27+00:00","dateModified":"2026-01-08T11:48:37+00:00","breadcrumb":{"@id":"https:\/\/mavrec.hu\/en\/waste-management\/contact-us\/#breadcrumb"},"inLanguage":"en-US","potentialAction":[{"@type":"ReadAction","target":["https:\/\/mavrec.hu\/en\/waste-management\/contact-us\/"]}]},{"@type":"BreadcrumbList","@id":"https:\/\/mavrec.hu\/en\/waste-management\/contact-us\/#breadcrumb","itemListElement":[{"@type":"ListItem","position":1,"name":"Home","item":"https:\/\/mavrec.hu\/en\/homepage\/"},{"@type":"ListItem","position":2,"name":"Waste Management","item":"https:\/\/mavrec.hu\/en\/waste-management\/"},{"@type":"ListItem","position":3,"name":"Contact Us"}]},{"@type":"WebSite","@id":"https:\/\/mavrec.hu\/#website","url":"https:\/\/mavrec.hu\/","name":"M\u00c1V-REC Kft.","description":"","publisher":{"@id":"https:\/\/mavrec.hu\/#organization"},"potentialAction":[{"@type":"SearchAction","target":{"@type":"EntryPoint","urlTemplate":"https:\/\/mavrec.hu\/?s={search_term_string}"},"query-input":{"@type":"PropertyValueSpecification","valueRequired":true,"valueName":"search_term_string"}}],"inLanguage":"en-US"},{"@type":"Organization","@id":"https:\/\/mavrec.hu\/#organization","name":"M\u00c1V-REC Kft.","url":"https:\/\/mavrec.hu\/","logo":{"@type":"ImageObject","inLanguage":"en-US","@id":"https:\/\/mavrec.hu\/#\/schema\/logo\/image\/","url":"https:\/\/mavrec.hu\/wp-content\/uploads\/MR_logo.png","contentUrl":"https:\/\/mavrec.hu\/wp-content\/uploads\/MR_logo.png","width":838,"height":589,"caption":"M\u00c1V-REC Kft."},"image":{"@id":"https:\/\/mavrec.hu\/#\/schema\/logo\/image\/"},"sameAs":["https:\/\/www.facebook.com\/mavrecraklap\/"]}]}},"_links":{"self":[{"href":"https:\/\/mavrec.hu\/en\/wp-json\/wp\/v2\/pages\/602","targetHints":{"allow":["GET"]}}],"collection":[{"href":"https:\/\/mavrec.hu\/en\/wp-json\/wp\/v2\/pages"}],"about":[{"href":"https:\/\/mavrec.hu\/en\/wp-json\/wp\/v2\/types\/page"}],"author":[{"embeddable":true,"href":"https:\/\/mavrec.hu\/en\/wp-json\/wp\/v2\/users\/2"}],"replies":[{"embeddable":true,"href":"https:\/\/mavrec.hu\/en\/wp-json\/wp\/v2\/comments?post=602"}],"version-history":[{"count":49,"href":"https:\/\/mavrec.hu\/en\/wp-json\/wp\/v2\/pages\/602\/revisions"}],"predecessor-version":[{"id":6668,"href":"https:\/\/mavrec.hu\/en\/wp-json\/wp\/v2\/pages\/602\/revisions\/6668"}],"up":[{"embeddable":true,"href":"https:\/\/mavrec.hu\/en\/wp-json\/wp\/v2\/pages\/579"}],"wp:attachment":[{"href":"https:\/\/mavrec.hu\/en\/wp-json\/wp\/v2\/media?parent=602"}],"curies":[{"name":"wp","href":"https:\/\/api.w.org\/{rel}","templated":true}]}}