{"id":821,"date":"2019-07-03T07:12:46","date_gmt":"2019-07-03T07:12:46","guid":{"rendered":"http:\/\/new.mavrec.hu\/?page_id=821"},"modified":"2026-03-03T08:46:11","modified_gmt":"2026-03-03T08:46:11","slug":"introducere","status":"publish","type":"page","link":"https:\/\/mavrec.hu\/ro\/controlul-calitatii-paletelor\/introducere\/","title":{"rendered":"Introducere"},"content":{"rendered":"<p>\u00cen calitate de organiza\u021bie de control independent\u0103, mandatat\u0103 de una dintre cele mai mari m\u0103rci comerciale, UIC\/EUR, personalul specializat al M\u00c1V-REC Kft. examineaz\u0103 \u00een permanen\u021b\u0103 produsele emise de c\u0103tre produc\u0103torii \u0219i reparatorii de pale\u021bi, precum \u0219i \u00eendeplinirea condi\u021biilor de fabricare \u0219i reparare a pale\u021bilor. Datorit\u0103 activit\u0103\u021bilor de supraveghere a pie\u021bei desf\u0103\u0219urate de M\u00c1V-REC Kft. fabricile neautorizate au disp\u0103rut complet de pe teritoriul \u021b\u0103rii. \u00cen Ungaria \u0219i \u00een Rom\u00e2nia, vizit\u0103m \u00een mod constant utilizatorii de pale\u021bi \u0219i companiile nelicen\u021biate.<\/p>\n<p>Unul din pilonii principali al celei mai noi evolu\u0163ii a economiei este dezvoltarea continu\u0103 a sistemelor de logistic\u0103. Produsele trebuie transportate la sta\u0163iile destinatare mai rapid, mai departe \u015fi cu termene mai stricte. Conformarea la acestea necesit\u0103 \u2013 l\u00e2ng\u0103 dezvoltarea instrumentelor \u015fi infrastructurilor \u2013 crearea condi\u0163iilor pentru plasarea logic\u0103 \u015fi mi\u015fcarea rapid\u0103 \u015fi sigur\u0103 a \u00eenc\u0103rc\u0103turilor. Este nevoie de sisteme interschimbabile, disponibile pe scar\u0103 larg\u0103 ca \u015fi europale\u0163ii. Sarcina europale\u0163ilor este c\u0103rarea produselor puse pe ele, conform\u00e2ndu-se la condi\u0163iile transportului \u015fi \u00eenc\u0103rc\u0103rii. Este o condi\u0163ie important\u0103 economic\u0103 ca europale\u0163ii s\u0103 fie interschimbabile unul cu cel\u0103lalt. Baza acestuia este ca societ\u0103\u0163ile care folosesc sistemul s\u0103 poat\u0103 s\u0103 fie siguri, ca forma, parametrii tehnici \u015fi calitatea sunt identice. Instrumentele transportatoare de m\u0103rfuri de acest gen devin \u00een acest fel potrivite pentru crearea \u00eenc\u0103rc\u0103turilor individuale pe liniile de \u00eempachetare automatizate, \u015fi se potrivesc la diferitele platforme de transportarea m\u0103rfurilor.<\/p>\n<p>Condi\u0163ia particip\u0103rii \u00een sistemul de pale\u0163i este controlul permanent al parametrilor enumerate mai sus. M\u00c1V-REC Kft este prezent\u0103 pe pia\u0163a europale\u0163ilor cu activitatea de control al calit\u0103\u0163ii din anul 2004, garant\u00e2nd conformitatea la calitatea prev\u0103zut\u0103 de standarde. Societatea \u00ee\u0219i desf\u0103\u0219oar\u0103 activit\u0103\u021bile de inspec\u021bie a pale\u021bilor EUR \u0219i EPAL la comanda Rail Cargo Hungaria Zrt. \u0219i, respectiv, a European Pallet Association e.V., aceasta din urm\u0103 \u00een perioada 2018- 30 iunie 2022, pe teritoriul Ungariei \u0219i al Rom\u00e2niei.<\/p>\n<p><a href=\"https:\/\/mavrec.hu\/wp-content\/uploads\/2026_Gyartok_javitok_listaja_Mo-1.pdf\" target=\"_blank\" rel=\"noopener\">Firme cu licen\u0163\u0103<\/a><\/p>\n<p><a href=\"https:\/\/mavrec.hu\/wp-content\/uploads\/MS-1-01-25-Exchangeability_EUR_und_EPAL_Europaletten_final_eng.pdf\" target=\"_blank\" rel=\"noopener\">UIC raklapok cser\u00e9je az Epal raklapokkal 2022-ben<\/a><\/p>\n\n\n\n","protected":false},"excerpt":{"rendered":"\u00cen calitate de organiza\u021bie de control independent\u0103, mandatat\u0103 de una dintre cele mai mari m\u0103rci comerciale, UIC\/EUR, personalul specializat al M\u00c1V-REC Kft. examineaz\u0103 \u00een permanen\u021b\u0103 produsele emise de c\u0103tre produc\u0103torii \u0219i reparatorii de pale\u021bi, precum \u0219i \u00eendeplinirea condi\u021biilor de fabricare \u0219i reparare a pale\u021bilor. Datorit\u0103 activit\u0103\u021bilor de supraveghere a pie\u021bei desf\u0103\u0219urate de M\u00c1V-REC Kft. fabricile [&hellip;]","protected":false},"author":2,"featured_media":0,"parent":819,"menu_order":0,"comment_status":"closed","ping_status":"closed","template":"template-parts\/page-divizio-nyito.php","meta":{"_acf_changed":false,"footnotes":""},"class_list":["post-821","page","type-page","status-publish","hentry"],"acf":[],"yoast_head":"<!-- This site is optimized with the Yoast SEO plugin v24.0 - https:\/\/yoast.com\/wordpress\/plugins\/seo\/ -->\n<title>Introducere - M\u00c1V-REC Kft.<\/title>\n<meta name=\"robots\" content=\"index, follow, max-snippet:-1, max-image-preview:large, max-video-preview:-1\" \/>\n<link rel=\"canonical\" href=\"https:\/\/mavrec.hu\/ro\/controlul-calitatii-paletelor\/introducere\/\" \/>\n<meta property=\"og:locale\" content=\"ro_RO\" \/>\n<meta property=\"og:type\" content=\"article\" \/>\n<meta property=\"og:title\" content=\"Introducere - M\u00c1V-REC Kft.\" \/>\n<meta property=\"og:description\" content=\"\u00cen calitate de organiza\u021bie de control independent\u0103, mandatat\u0103 de una dintre cele mai mari m\u0103rci comerciale, UIC\/EUR, personalul specializat al M\u00c1V-REC Kft. examineaz\u0103 \u00een permanen\u021b\u0103 produsele emise de c\u0103tre produc\u0103torii \u0219i reparatorii de pale\u021bi, precum \u0219i \u00eendeplinirea condi\u021biilor de fabricare \u0219i reparare a pale\u021bilor. Datorit\u0103 activit\u0103\u021bilor de supraveghere a pie\u021bei desf\u0103\u0219urate de M\u00c1V-REC Kft. fabricile [&hellip;]\" \/>\n<meta property=\"og:url\" content=\"https:\/\/mavrec.hu\/ro\/controlul-calitatii-paletelor\/introducere\/\" \/>\n<meta property=\"og:site_name\" content=\"M\u00c1V-REC Kft.\" \/>\n<meta property=\"article:publisher\" content=\"https:\/\/www.facebook.com\/mavrecraklap\/\" \/>\n<meta property=\"article:modified_time\" content=\"2026-03-03T08:46:11+00:00\" \/>\n<meta name=\"twitter:card\" content=\"summary_large_image\" \/>\n<meta name=\"twitter:label1\" content=\"Timp estimat pentru citire\" \/>\n\t<meta name=\"twitter:data1\" content=\"2 minute\" \/>\n<script type=\"application\/ld+json\" class=\"yoast-schema-graph\">{\"@context\":\"https:\/\/schema.org\",\"@graph\":[{\"@type\":\"WebPage\",\"@id\":\"https:\/\/mavrec.hu\/ro\/controlul-calitatii-paletelor\/introducere\/\",\"url\":\"https:\/\/mavrec.hu\/ro\/controlul-calitatii-paletelor\/introducere\/\",\"name\":\"Introducere - M\u00c1V-REC Kft.\",\"isPartOf\":{\"@id\":\"https:\/\/mavrec.hu\/#website\"},\"datePublished\":\"2019-07-03T07:12:46+00:00\",\"dateModified\":\"2026-03-03T08:46:11+00:00\",\"breadcrumb\":{\"@id\":\"https:\/\/mavrec.hu\/ro\/controlul-calitatii-paletelor\/introducere\/#breadcrumb\"},\"inLanguage\":\"ro-RO\",\"potentialAction\":[{\"@type\":\"ReadAction\",\"target\":[\"https:\/\/mavrec.hu\/ro\/controlul-calitatii-paletelor\/introducere\/\"]}]},{\"@type\":\"BreadcrumbList\",\"@id\":\"https:\/\/mavrec.hu\/ro\/controlul-calitatii-paletelor\/introducere\/#breadcrumb\",\"itemListElement\":[{\"@type\":\"ListItem\",\"position\":1,\"name\":\"Home\",\"item\":\"https:\/\/mavrec.hu\/\"},{\"@type\":\"ListItem\",\"position\":2,\"name\":\"Controlul calit\u0103\u021bii paletelor\",\"item\":\"https:\/\/mavrec.hu\/ro\/controlul-calitatii-paletelor\/\"},{\"@type\":\"ListItem\",\"position\":3,\"name\":\"Introducere\"}]},{\"@type\":\"WebSite\",\"@id\":\"https:\/\/mavrec.hu\/#website\",\"url\":\"https:\/\/mavrec.hu\/\",\"name\":\"M\u00c1V-REC Kft.\",\"description\":\"\",\"publisher\":{\"@id\":\"https:\/\/mavrec.hu\/#organization\"},\"potentialAction\":[{\"@type\":\"SearchAction\",\"target\":{\"@type\":\"EntryPoint\",\"urlTemplate\":\"https:\/\/mavrec.hu\/?s={search_term_string}\"},\"query-input\":{\"@type\":\"PropertyValueSpecification\",\"valueRequired\":true,\"valueName\":\"search_term_string\"}}],\"inLanguage\":\"ro-RO\"},{\"@type\":\"Organization\",\"@id\":\"https:\/\/mavrec.hu\/#organization\",\"name\":\"M\u00c1V-REC Kft.\",\"url\":\"https:\/\/mavrec.hu\/\",\"logo\":{\"@type\":\"ImageObject\",\"inLanguage\":\"ro-RO\",\"@id\":\"https:\/\/mavrec.hu\/#\/schema\/logo\/image\/\",\"url\":\"https:\/\/mavrec.hu\/wp-content\/uploads\/MR_logo.png\",\"contentUrl\":\"https:\/\/mavrec.hu\/wp-content\/uploads\/MR_logo.png\",\"width\":838,\"height\":589,\"caption\":\"M\u00c1V-REC Kft.\"},\"image\":{\"@id\":\"https:\/\/mavrec.hu\/#\/schema\/logo\/image\/\"},\"sameAs\":[\"https:\/\/www.facebook.com\/mavrecraklap\/\"]}]}<\/script>\n<!-- \/ Yoast SEO plugin. -->","yoast_head_json":{"title":"Introducere - M\u00c1V-REC Kft.","robots":{"index":"index","follow":"follow","max-snippet":"max-snippet:-1","max-image-preview":"max-image-preview:large","max-video-preview":"max-video-preview:-1"},"canonical":"https:\/\/mavrec.hu\/ro\/controlul-calitatii-paletelor\/introducere\/","og_locale":"ro_RO","og_type":"article","og_title":"Introducere - M\u00c1V-REC Kft.","og_description":"\u00cen calitate de organiza\u021bie de control independent\u0103, mandatat\u0103 de una dintre cele mai mari m\u0103rci comerciale, UIC\/EUR, personalul specializat al M\u00c1V-REC Kft. examineaz\u0103 \u00een permanen\u021b\u0103 produsele emise de c\u0103tre produc\u0103torii \u0219i reparatorii de pale\u021bi, precum \u0219i \u00eendeplinirea condi\u021biilor de fabricare \u0219i reparare a pale\u021bilor. Datorit\u0103 activit\u0103\u021bilor de supraveghere a pie\u021bei desf\u0103\u0219urate de M\u00c1V-REC Kft. fabricile [&hellip;]","og_url":"https:\/\/mavrec.hu\/ro\/controlul-calitatii-paletelor\/introducere\/","og_site_name":"M\u00c1V-REC Kft.","article_publisher":"https:\/\/www.facebook.com\/mavrecraklap\/","article_modified_time":"2026-03-03T08:46:11+00:00","twitter_card":"summary_large_image","twitter_misc":{"Timp estimat pentru citire":"2 minute"},"schema":{"@context":"https:\/\/schema.org","@graph":[{"@type":"WebPage","@id":"https:\/\/mavrec.hu\/ro\/controlul-calitatii-paletelor\/introducere\/","url":"https:\/\/mavrec.hu\/ro\/controlul-calitatii-paletelor\/introducere\/","name":"Introducere - M\u00c1V-REC Kft.","isPartOf":{"@id":"https:\/\/mavrec.hu\/#website"},"datePublished":"2019-07-03T07:12:46+00:00","dateModified":"2026-03-03T08:46:11+00:00","breadcrumb":{"@id":"https:\/\/mavrec.hu\/ro\/controlul-calitatii-paletelor\/introducere\/#breadcrumb"},"inLanguage":"ro-RO","potentialAction":[{"@type":"ReadAction","target":["https:\/\/mavrec.hu\/ro\/controlul-calitatii-paletelor\/introducere\/"]}]},{"@type":"BreadcrumbList","@id":"https:\/\/mavrec.hu\/ro\/controlul-calitatii-paletelor\/introducere\/#breadcrumb","itemListElement":[{"@type":"ListItem","position":1,"name":"Home","item":"https:\/\/mavrec.hu\/"},{"@type":"ListItem","position":2,"name":"Controlul calit\u0103\u021bii paletelor","item":"https:\/\/mavrec.hu\/ro\/controlul-calitatii-paletelor\/"},{"@type":"ListItem","position":3,"name":"Introducere"}]},{"@type":"WebSite","@id":"https:\/\/mavrec.hu\/#website","url":"https:\/\/mavrec.hu\/","name":"M\u00c1V-REC Kft.","description":"","publisher":{"@id":"https:\/\/mavrec.hu\/#organization"},"potentialAction":[{"@type":"SearchAction","target":{"@type":"EntryPoint","urlTemplate":"https:\/\/mavrec.hu\/?s={search_term_string}"},"query-input":{"@type":"PropertyValueSpecification","valueRequired":true,"valueName":"search_term_string"}}],"inLanguage":"ro-RO"},{"@type":"Organization","@id":"https:\/\/mavrec.hu\/#organization","name":"M\u00c1V-REC Kft.","url":"https:\/\/mavrec.hu\/","logo":{"@type":"ImageObject","inLanguage":"ro-RO","@id":"https:\/\/mavrec.hu\/#\/schema\/logo\/image\/","url":"https:\/\/mavrec.hu\/wp-content\/uploads\/MR_logo.png","contentUrl":"https:\/\/mavrec.hu\/wp-content\/uploads\/MR_logo.png","width":838,"height":589,"caption":"M\u00c1V-REC Kft."},"image":{"@id":"https:\/\/mavrec.hu\/#\/schema\/logo\/image\/"},"sameAs":["https:\/\/www.facebook.com\/mavrecraklap\/"]}]}},"_links":{"self":[{"href":"https:\/\/mavrec.hu\/ro\/wp-json\/wp\/v2\/pages\/821","targetHints":{"allow":["GET"]}}],"collection":[{"href":"https:\/\/mavrec.hu\/ro\/wp-json\/wp\/v2\/pages"}],"about":[{"href":"https:\/\/mavrec.hu\/ro\/wp-json\/wp\/v2\/types\/page"}],"author":[{"embeddable":true,"href":"https:\/\/mavrec.hu\/ro\/wp-json\/wp\/v2\/users\/2"}],"replies":[{"embeddable":true,"href":"https:\/\/mavrec.hu\/ro\/wp-json\/wp\/v2\/comments?post=821"}],"version-history":[{"count":54,"href":"https:\/\/mavrec.hu\/ro\/wp-json\/wp\/v2\/pages\/821\/revisions"}],"predecessor-version":[{"id":6736,"href":"https:\/\/mavrec.hu\/ro\/wp-json\/wp\/v2\/pages\/821\/revisions\/6736"}],"up":[{"embeddable":true,"href":"https:\/\/mavrec.hu\/ro\/wp-json\/wp\/v2\/pages\/819"}],"wp:attachment":[{"href":"https:\/\/mavrec.hu\/ro\/wp-json\/wp\/v2\/media?parent=821"}],"curies":[{"name":"wp","href":"https:\/\/api.w.org\/{rel}","templated":true}]}}