{"id":823,"date":"2019-07-03T07:16:44","date_gmt":"2019-07-03T07:16:44","guid":{"rendered":"http:\/\/new.mavrec.hu\/?page_id=823"},"modified":"2026-03-03T08:47:43","modified_gmt":"2026-03-03T08:47:43","slug":"servicii","status":"publish","type":"page","link":"https:\/\/mavrec.hu\/ro\/controlul-calitatii-paletelor\/servicii\/","title":{"rendered":"Servicii"},"content":{"rendered":"<p>Obiectivul activit\u0103\u021bii de control este men\u021binerea continu\u0103 a nivelului calit\u0103\u021bii, efectuat\u0103 de angaja\u021bii M\u00c1V-REC Kft impar\u021biali, cu preg\u0103tire potrivit\u0103 \u015fi dedica\u021bi calit\u0103\u021bii. Cursurile inovatoare de preg\u0103tire efectuate la utilizatorii pale\u0163ilor au adus \u015fi ele \u00eembun\u0103t\u0103\u0163irea calit\u0103\u0163ii, \u015fi \u00een acest fel cele mai multe \u00eentreprinderi interesate de logistic\u0103 folosesc serviciul oferit de noi. Activitatea profesional\u0103 func\u0163ioneaz\u0103 conform unui sistem de management al calit\u0103\u0163ii.<\/p>\n<p><em>\u201eCalitate f\u0103r\u0103 compromis\u2026\u201d<\/em> adic\u0103 calitatea \u00eenseamn\u0103 M\u00c1V-REC Kft.<br \/>\nAngaja\u0163ii M\u00c1V-REC Kft lucreaz\u0103 \u00een mod continuu la cele mai noi tehnologii \u015fi inova\u0163ii, \u015fi la modul \u00een care consumatorii de pale\u0163i ar putea folosi sistemul de schimb \u00een cel mai eficient mod posibil.<\/p>\n<p>Interschimbabilitatea<\/p>\n<p>Pe pia\u0163a pale\u0163ilor interschimbabili exist\u0103 pale\u0163ii UIC-EUR \u015fi EPAL-EPAL.<\/p>\n<p>Mai multe informa\u0163ii despre sistemele de pale\u0163i interschimbabili:<\/p>\n<p><a href=\"https:\/\/mavrec.hu\/wp-content\/uploads\/EUR-rakod\u00f3lapok-v\u00e9djegyoltalma-m\u00f3dos\u00edtott.pdf\">Protec\u0163ia m\u0103rcii comerciale a pale\u0163ilor EUR<\/a><\/p>\n<p><a href=\"https:\/\/mavrec.hu\/wp-content\/uploads\/2026_Gyartok_javitok_listaja_Mo-1.pdf\" target=\"_blank\" rel=\"noopener\">Firme cu licen\u0163\u0103<\/a><\/p>\n<p><a href=\"https:\/\/mavrec.hu\/wp-content\/uploads\/\u00datmutat\u00f3-az-EUR-raklapok-min\u0151s\u00e9gi-oszt\u00e1lyba-sorol\u00e1s\u00e1hoz-1.pdf\" target=\"_blank\" rel=\"noopener\">\u00datmutat\u00f3 az EUR raklapok min\u0151s\u00e9gi oszt\u00e1lyba sorol\u00e1s\u00e1hoz<\/a><\/p>\n<p><a href=\"https:\/\/mavrec.hu\/wp-content\/uploads\/MS-1-01-25-Exchangeability_EUR_und_EPAL_Europaletten_final_eng.pdf\" target=\"_blank\" rel=\"noopener\">UIC raklapok cser\u00e9je az Epal raklapokkal 2022-ben<\/a><\/p>\n","protected":false},"excerpt":{"rendered":"Obiectivul activit\u0103\u021bii de control este men\u021binerea continu\u0103 a nivelului calit\u0103\u021bii, efectuat\u0103 de angaja\u021bii M\u00c1V-REC Kft impar\u021biali, cu preg\u0103tire potrivit\u0103 \u015fi dedica\u021bi calit\u0103\u021bii. Cursurile inovatoare de preg\u0103tire efectuate la utilizatorii pale\u0163ilor au adus \u015fi ele \u00eembun\u0103t\u0103\u0163irea calit\u0103\u0163ii, \u015fi \u00een acest fel cele mai multe \u00eentreprinderi interesate de logistic\u0103 folosesc serviciul oferit de noi. Activitatea profesional\u0103 func\u0163ioneaz\u0103 [&hellip;]","protected":false},"author":2,"featured_media":0,"parent":819,"menu_order":0,"comment_status":"closed","ping_status":"closed","template":"template-parts\/page-generic.php","meta":{"_acf_changed":false,"footnotes":""},"class_list":["post-823","page","type-page","status-publish","hentry"],"acf":[],"yoast_head":"<!-- This site is optimized with the Yoast SEO plugin v24.0 - https:\/\/yoast.com\/wordpress\/plugins\/seo\/ -->\n<title>Servicii - M\u00c1V-REC Kft.<\/title>\n<meta name=\"robots\" content=\"index, follow, max-snippet:-1, max-image-preview:large, max-video-preview:-1\" \/>\n<link rel=\"canonical\" href=\"https:\/\/mavrec.hu\/ro\/controlul-calitatii-paletelor\/servicii\/\" \/>\n<meta property=\"og:locale\" content=\"ro_RO\" \/>\n<meta property=\"og:type\" content=\"article\" \/>\n<meta property=\"og:title\" content=\"Servicii - M\u00c1V-REC Kft.\" \/>\n<meta property=\"og:description\" content=\"Obiectivul activit\u0103\u021bii de control este men\u021binerea continu\u0103 a nivelului calit\u0103\u021bii, efectuat\u0103 de angaja\u021bii M\u00c1V-REC Kft impar\u021biali, cu preg\u0103tire potrivit\u0103 \u015fi dedica\u021bi calit\u0103\u021bii. Cursurile inovatoare de preg\u0103tire efectuate la utilizatorii pale\u0163ilor au adus \u015fi ele \u00eembun\u0103t\u0103\u0163irea calit\u0103\u0163ii, \u015fi \u00een acest fel cele mai multe \u00eentreprinderi interesate de logistic\u0103 folosesc serviciul oferit de noi. Activitatea profesional\u0103 func\u0163ioneaz\u0103 [&hellip;]\" \/>\n<meta property=\"og:url\" content=\"https:\/\/mavrec.hu\/ro\/controlul-calitatii-paletelor\/servicii\/\" \/>\n<meta property=\"og:site_name\" content=\"M\u00c1V-REC Kft.\" \/>\n<meta property=\"article:publisher\" content=\"https:\/\/www.facebook.com\/mavrecraklap\/\" \/>\n<meta property=\"article:modified_time\" content=\"2026-03-03T08:47:43+00:00\" \/>\n<meta name=\"twitter:card\" content=\"summary_large_image\" \/>\n<meta name=\"twitter:label1\" content=\"Timp estimat pentru citire\" \/>\n\t<meta name=\"twitter:data1\" content=\"1 minut\" \/>\n<script type=\"application\/ld+json\" class=\"yoast-schema-graph\">{\"@context\":\"https:\/\/schema.org\",\"@graph\":[{\"@type\":\"WebPage\",\"@id\":\"https:\/\/mavrec.hu\/ro\/controlul-calitatii-paletelor\/servicii\/\",\"url\":\"https:\/\/mavrec.hu\/ro\/controlul-calitatii-paletelor\/servicii\/\",\"name\":\"Servicii - M\u00c1V-REC Kft.\",\"isPartOf\":{\"@id\":\"https:\/\/mavrec.hu\/#website\"},\"datePublished\":\"2019-07-03T07:16:44+00:00\",\"dateModified\":\"2026-03-03T08:47:43+00:00\",\"breadcrumb\":{\"@id\":\"https:\/\/mavrec.hu\/ro\/controlul-calitatii-paletelor\/servicii\/#breadcrumb\"},\"inLanguage\":\"ro-RO\",\"potentialAction\":[{\"@type\":\"ReadAction\",\"target\":[\"https:\/\/mavrec.hu\/ro\/controlul-calitatii-paletelor\/servicii\/\"]}]},{\"@type\":\"BreadcrumbList\",\"@id\":\"https:\/\/mavrec.hu\/ro\/controlul-calitatii-paletelor\/servicii\/#breadcrumb\",\"itemListElement\":[{\"@type\":\"ListItem\",\"position\":1,\"name\":\"Home\",\"item\":\"https:\/\/mavrec.hu\/\"},{\"@type\":\"ListItem\",\"position\":2,\"name\":\"Controlul calit\u0103\u021bii paletelor\",\"item\":\"https:\/\/mavrec.hu\/ro\/controlul-calitatii-paletelor\/\"},{\"@type\":\"ListItem\",\"position\":3,\"name\":\"Servicii\"}]},{\"@type\":\"WebSite\",\"@id\":\"https:\/\/mavrec.hu\/#website\",\"url\":\"https:\/\/mavrec.hu\/\",\"name\":\"M\u00c1V-REC Kft.\",\"description\":\"\",\"publisher\":{\"@id\":\"https:\/\/mavrec.hu\/#organization\"},\"potentialAction\":[{\"@type\":\"SearchAction\",\"target\":{\"@type\":\"EntryPoint\",\"urlTemplate\":\"https:\/\/mavrec.hu\/?s={search_term_string}\"},\"query-input\":{\"@type\":\"PropertyValueSpecification\",\"valueRequired\":true,\"valueName\":\"search_term_string\"}}],\"inLanguage\":\"ro-RO\"},{\"@type\":\"Organization\",\"@id\":\"https:\/\/mavrec.hu\/#organization\",\"name\":\"M\u00c1V-REC Kft.\",\"url\":\"https:\/\/mavrec.hu\/\",\"logo\":{\"@type\":\"ImageObject\",\"inLanguage\":\"ro-RO\",\"@id\":\"https:\/\/mavrec.hu\/#\/schema\/logo\/image\/\",\"url\":\"https:\/\/mavrec.hu\/wp-content\/uploads\/MR_logo.png\",\"contentUrl\":\"https:\/\/mavrec.hu\/wp-content\/uploads\/MR_logo.png\",\"width\":838,\"height\":589,\"caption\":\"M\u00c1V-REC Kft.\"},\"image\":{\"@id\":\"https:\/\/mavrec.hu\/#\/schema\/logo\/image\/\"},\"sameAs\":[\"https:\/\/www.facebook.com\/mavrecraklap\/\"]}]}<\/script>\n<!-- \/ Yoast SEO plugin. -->","yoast_head_json":{"title":"Servicii - M\u00c1V-REC Kft.","robots":{"index":"index","follow":"follow","max-snippet":"max-snippet:-1","max-image-preview":"max-image-preview:large","max-video-preview":"max-video-preview:-1"},"canonical":"https:\/\/mavrec.hu\/ro\/controlul-calitatii-paletelor\/servicii\/","og_locale":"ro_RO","og_type":"article","og_title":"Servicii - M\u00c1V-REC Kft.","og_description":"Obiectivul activit\u0103\u021bii de control este men\u021binerea continu\u0103 a nivelului calit\u0103\u021bii, efectuat\u0103 de angaja\u021bii M\u00c1V-REC Kft impar\u021biali, cu preg\u0103tire potrivit\u0103 \u015fi dedica\u021bi calit\u0103\u021bii. Cursurile inovatoare de preg\u0103tire efectuate la utilizatorii pale\u0163ilor au adus \u015fi ele \u00eembun\u0103t\u0103\u0163irea calit\u0103\u0163ii, \u015fi \u00een acest fel cele mai multe \u00eentreprinderi interesate de logistic\u0103 folosesc serviciul oferit de noi. Activitatea profesional\u0103 func\u0163ioneaz\u0103 [&hellip;]","og_url":"https:\/\/mavrec.hu\/ro\/controlul-calitatii-paletelor\/servicii\/","og_site_name":"M\u00c1V-REC Kft.","article_publisher":"https:\/\/www.facebook.com\/mavrecraklap\/","article_modified_time":"2026-03-03T08:47:43+00:00","twitter_card":"summary_large_image","twitter_misc":{"Timp estimat pentru citire":"1 minut"},"schema":{"@context":"https:\/\/schema.org","@graph":[{"@type":"WebPage","@id":"https:\/\/mavrec.hu\/ro\/controlul-calitatii-paletelor\/servicii\/","url":"https:\/\/mavrec.hu\/ro\/controlul-calitatii-paletelor\/servicii\/","name":"Servicii - M\u00c1V-REC Kft.","isPartOf":{"@id":"https:\/\/mavrec.hu\/#website"},"datePublished":"2019-07-03T07:16:44+00:00","dateModified":"2026-03-03T08:47:43+00:00","breadcrumb":{"@id":"https:\/\/mavrec.hu\/ro\/controlul-calitatii-paletelor\/servicii\/#breadcrumb"},"inLanguage":"ro-RO","potentialAction":[{"@type":"ReadAction","target":["https:\/\/mavrec.hu\/ro\/controlul-calitatii-paletelor\/servicii\/"]}]},{"@type":"BreadcrumbList","@id":"https:\/\/mavrec.hu\/ro\/controlul-calitatii-paletelor\/servicii\/#breadcrumb","itemListElement":[{"@type":"ListItem","position":1,"name":"Home","item":"https:\/\/mavrec.hu\/"},{"@type":"ListItem","position":2,"name":"Controlul calit\u0103\u021bii paletelor","item":"https:\/\/mavrec.hu\/ro\/controlul-calitatii-paletelor\/"},{"@type":"ListItem","position":3,"name":"Servicii"}]},{"@type":"WebSite","@id":"https:\/\/mavrec.hu\/#website","url":"https:\/\/mavrec.hu\/","name":"M\u00c1V-REC Kft.","description":"","publisher":{"@id":"https:\/\/mavrec.hu\/#organization"},"potentialAction":[{"@type":"SearchAction","target":{"@type":"EntryPoint","urlTemplate":"https:\/\/mavrec.hu\/?s={search_term_string}"},"query-input":{"@type":"PropertyValueSpecification","valueRequired":true,"valueName":"search_term_string"}}],"inLanguage":"ro-RO"},{"@type":"Organization","@id":"https:\/\/mavrec.hu\/#organization","name":"M\u00c1V-REC Kft.","url":"https:\/\/mavrec.hu\/","logo":{"@type":"ImageObject","inLanguage":"ro-RO","@id":"https:\/\/mavrec.hu\/#\/schema\/logo\/image\/","url":"https:\/\/mavrec.hu\/wp-content\/uploads\/MR_logo.png","contentUrl":"https:\/\/mavrec.hu\/wp-content\/uploads\/MR_logo.png","width":838,"height":589,"caption":"M\u00c1V-REC Kft."},"image":{"@id":"https:\/\/mavrec.hu\/#\/schema\/logo\/image\/"},"sameAs":["https:\/\/www.facebook.com\/mavrecraklap\/"]}]}},"_links":{"self":[{"href":"https:\/\/mavrec.hu\/ro\/wp-json\/wp\/v2\/pages\/823","targetHints":{"allow":["GET"]}}],"collection":[{"href":"https:\/\/mavrec.hu\/ro\/wp-json\/wp\/v2\/pages"}],"about":[{"href":"https:\/\/mavrec.hu\/ro\/wp-json\/wp\/v2\/types\/page"}],"author":[{"embeddable":true,"href":"https:\/\/mavrec.hu\/ro\/wp-json\/wp\/v2\/users\/2"}],"replies":[{"embeddable":true,"href":"https:\/\/mavrec.hu\/ro\/wp-json\/wp\/v2\/comments?post=823"}],"version-history":[{"count":63,"href":"https:\/\/mavrec.hu\/ro\/wp-json\/wp\/v2\/pages\/823\/revisions"}],"predecessor-version":[{"id":6739,"href":"https:\/\/mavrec.hu\/ro\/wp-json\/wp\/v2\/pages\/823\/revisions\/6739"}],"up":[{"embeddable":true,"href":"https:\/\/mavrec.hu\/ro\/wp-json\/wp\/v2\/pages\/819"}],"wp:attachment":[{"href":"https:\/\/mavrec.hu\/ro\/wp-json\/wp\/v2\/media?parent=823"}],"curies":[{"name":"wp","href":"https:\/\/api.w.org\/{rel}","templated":true}]}}